{"id":6430,"date":"2025-12-03T14:52:41","date_gmt":"2025-12-03T14:52:41","guid":{"rendered":"https:\/\/jelicabujic.com\/?page_id=6430"},"modified":"2025-12-04T11:00:09","modified_gmt":"2025-12-04T11:00:09","slug":"premium-collection","status":"publish","type":"page","link":"https:\/\/jelicabujic.com\/en\/premium-collection\/","title":{"rendered":"Premium Collection"},"content":{"rendered":"\n<div class=\"wp-block-group has-xx-large-font-size is-layout-constrained wp-container-core-group-is-layout-8cf3c3e2 wp-block-group-is-layout-constrained has-background\" style=\"margin-top:0px;margin-bottom:0px;background-image:url(&apos;https:\/\/jelicabujic.com\/wp-content\/uploads\/2025\/12\/video.gif&apos;);background-size:cover;background-attachment:scroll;\">\n<div style=\"height:0px;width:0px\" aria-hidden=\"true\" class=\"wp-block-spacer\"><\/div>\n\n\n\n<div data-wp-context=\"{&quot;notices&quot;:[],&quot;hideNextPreviousButtons&quot;:false,&quot;isDisabledPrevious&quot;:true,&quot;isDisabledNext&quot;:false,&quot;ariaLabelPrevious&quot;:&quot;Previous products&quot;,&quot;ariaLabelNext&quot;:&quot;Next products&quot;,&quot;collection&quot;:&quot;woocommerce\\\/product-collection\\\/hand-picked&quot;}\" data-wp-init=\"callbacks.onRender\" data-wp-interactive=\"woocommerce\/product-collection\" data-wp-router-region=\"wc-product-collection-0\" data-__private-preview-state=\"{&quot;isPreview&quot;:false,&quot;previewMessage&quot;:&quot;Actual products will vary depending on the page being viewed.&quot;}\" data-block-name=\"woocommerce\/product-collection\" data-collection=\"woocommerce\/product-collection\/hand-picked\" data-dimensions=\"{&quot;widthType&quot;:&quot;fill&quot;}\" data-display-layout=\"{&quot;type&quot;:&quot;flex&quot;,&quot;columns&quot;:4,&quot;shrinkColumns&quot;:true}\" data-hide-controls=\"[&quot;inherit&quot;,&quot;hand-picked&quot;,&quot;filterable&quot;,&quot;order&quot;]\" data-query-context-includes=\"[&quot;collection&quot;]\" data-query-id=\"0\" data-query=\"{&quot;perPage&quot;:4,&quot;pages&quot;:0,&quot;offset&quot;:0,&quot;postType&quot;:&quot;product&quot;,&quot;order&quot;:&quot;asc&quot;,&quot;orderBy&quot;:&quot;post__in&quot;,&quot;search&quot;:&quot;&quot;,&quot;exclude&quot;:[],&quot;inherit&quot;:false,&quot;taxQuery&quot;:[],&quot;isProductCollectionBlock&quot;:true,&quot;featured&quot;:false,&quot;woocommerceOnSale&quot;:false,&quot;woocommerceStockStatus&quot;:[&quot;instock&quot;,&quot;outofstock&quot;,&quot;onbackorder&quot;],&quot;woocommerceAttributes&quot;:[],&quot;woocommerceHandPickedProducts&quot;:[&quot;6134&quot;,&quot;6100&quot;,&quot;6276&quot;],&quot;filterable&quot;:false,&quot;relatedBy&quot;:{&quot;categories&quot;:true,&quot;tags&quot;:true}}\" data-tag-name=\"div\" class=\"wp-block-woocommerce-product-collection alignfull is-layout-flow wp-block-woocommerce-product-collection-is-layout-flow\">\t\t<div data-wp-interactive=\"woocommerce\/store-notices\" class=\"wc-block-components-notices alignwide\">\n\t\t\t<template data-wp-each--notice=\"state.notices\" data-wp-each-key=\"context.notice.id\">\n\t\t\t\t<div\n\t\t\t\t\tclass=\"wc-block-components-notice-banner\"\n\t\t\t\t\tdata-wp-init=\"callbacks.scrollIntoView\"\n\t\t\t\t\tdata-wp-class--is-error=\"state.isError\"\n\t\t\t\t\tdata-wp-class--is-success=\"state.isSuccess\"\n\t\t\t\t\tdata-wp-class--is-info=\"state.isInfo\"\n\t\t\t\t\tdata-wp-class--is-dismissible=\"context.notice.dismissible\"\n\t\t\t\t\tdata-wp-bind--role=\"state.role\"\n\t\t\t\t\tdata-wp-watch=\"callbacks.injectIcon\"\n\t\t\t\t>\n\t\t\t\t\t<div class=\"wc-block-components-notice-banner__content\">\n\t\t\t\t\t\t<span data-wp-init=\"callbacks.renderNoticeContent\" aria-live=\"assertive\" aria-atomic=\"true\"><\/span>\n\t\t\t\t\t<\/div>\n\t\t\t\t\t<button\n\t\t\t\t\t\tdata-wp-bind--hidden=\"!context.notice.dismissible\"\n\t\t\t\t\t\tclass=\"wc-block-components-button wp-element-button wc-block-components-notice-banner__dismiss contained\"\n\t\t\t\t\t\taria-label=\"Dismiss this notice\"\n\t\t\t\t\t\tdata-wp-on--click=\"actions.removeNotice\"\n\t\t\t\t\t>\n\t\t\t\t\t\t<svg xmlns=\"http:\/\/www.w3.org\/2000\/svg\" viewBox=\"0 0 24 24\">\n\t\t\t\t\t\t\t<path d=\"M13 11.8l6.1-6.3-1-1-6.1 6.2-6.1-6.2-1 1 6.1 6.3-6.5 6.7 1 1 6.5-6.6 6.5 6.6 1-1z\" \/>\n\t\t\t\t\t\t<\/svg>\n\t\t\t\t\t<\/button>\n\t\t\t\t<\/div>\n\t\t\t<\/template>\n\t\t<\/div>\n\t\t\n<div style=\"height:50px\" aria-hidden=\"true\" class=\"wp-block-spacer\"><\/div>\n\n\n\n<h6 class=\"wp-block-heading has-text-align-center has-palette-color-1-color has-text-color has-link-color has-medium-font-size wp-elements-aa2d613692f3d4b8f2072ebadbd66e23\" id=\"premium-collection\" style=\"margin-bottom:1rem\">Premium Collection<\/h6>\n\n\n\n<p class=\"has-text-align-center has-palette-color-1-color has-text-color has-link-color has-libre-caslon-display-font-family wp-elements-53945451ca4431954aea0c5d9017f936\" style=\"font-size:clamp(42.485px, 2.655rem + ((1vw - 3.2px) * 3.009), 81px);line-height:0.2\">Immersion<\/p>\n\n\n\n<div style=\"height:50px\" aria-hidden=\"true\" class=\"wp-block-spacer\"><\/div>\n\n\n\n<p class=\"has-text-align-center has-palette-color-1-color has-text-color has-link-color has-small-font-size wp-elements-cacc4c0fc9dedbc5ae40acb73d8cc81b\"><\/p>\n\n\n\n<div class=\"wp-block-columns is-layout-flex wp-container-core-columns-is-layout-28f84493 wp-block-columns-is-layout-flex\">\n<div class=\"wp-block-column has-small-font-size is-layout-flow wp-block-column-is-layout-flow\"><\/div>\n\n\n\n<div class=\"wp-block-column has-small-font-size is-layout-flow wp-block-column-is-layout-flow\">\n<p class=\"has-text-align-center has-palette-color-1-color has-text-color has-link-color has-small-font-size wp-elements-3de12aed00f10a5568017015d1ef0235\" style=\"line-height:1.4\">Ovaj ciklus nastao pod vodom predstavlja jedan od rijetkih savremenih poku\u0161aja da se fotografija radikalno odmakne od realisti\u010dke reprezentacije i zakora\u010di u sferu \u010diste likovnosti. U tehni\u010dkom i estetskom smislu, rije\u010d je o praksi koja je izuzetno rijetka, gotovo nepostoje\u0107a na regionalnoj sceni, a i globalno tek rijetko vi\u0111ena u ovakvom obliku.<\/p>\n\n\n\n<p class=\"has-text-align-center has-palette-color-1-color has-text-color has-link-color has-small-font-size wp-elements-cacc4c0fc9dedbc5ae40acb73d8cc81b\"><\/p>\n<\/div>\n\n\n\n<div class=\"wp-block-column has-small-font-size is-layout-flow wp-block-column-is-layout-flow\"><\/div>\n<\/div>\n\n\n\n<div style=\"height:30px\" aria-hidden=\"true\" class=\"wp-block-spacer\"><\/div>\n\n\n\n<div class=\"gspb_button_wrapper gspb_button-id-gsbp-8af5643\" id=\"gspb_button-id-gsbp-8af5643\"><a class=\"wp-block-greenshift-blocks-buttonbox gspb-buttonbox wp-element-button\" rel=\"noopener\"><span class=\"gspb-buttonbox-textwrap\"><span class=\"gspb-buttonbox-text\"><span class=\"gspb-buttonbox-title\"><strong>klikni na fotorografiju<\/strong><\/span><\/span><\/span><\/a><\/div>\n\n\n\n<div style=\"height:50px\" aria-hidden=\"true\" class=\"wp-block-spacer\"><\/div>\n\n\n\n<div class=\"wp-block-columns are-vertically-aligned-center is-layout-flex wp-container-core-columns-is-layout-28f84493 wp-block-columns-is-layout-flex\">\n<div class=\"wp-block-column is-vertically-aligned-center is-layout-flow wp-container-core-column-is-layout-43dc041e wp-block-column-is-layout-flow\" style=\"padding-top:0;padding-right:0;padding-bottom:0;padding-left:0\"><ul data-block-name=\"woocommerce\/product-template\" data-font-size=\"small\" class=\"wc-block-product-template__responsive columns-4 wc-block-product-template wp-block-woocommerce-product-template has-small-font-size is-layout-flow wp-block-woocommerce-product-template-is-layout-flow\" data-wp-on--scroll=\"actions.watchScroll\" data-wp-init=\"callbacks.initResizeObserver\"><li class=\"wc-block-product post-6134 product type-product status-publish has-post-thumbnail product_cat-living-room product_cat-commercial-venues product_cat-premium-collection product_cat-bedroom product_cat-entrance product_cat-portrait product_cat-green product_cat-earthy product_tag-cvijece product_tag-fine-art product_tag-kala product_tag-motion product_tag-na-upit first instock sold-individually shipping-taxable purchasable product-type-variable\"\n\t\t\t\t\t\n\t\t\t\tdata-wp-interactive=\"woocommerce\/product-collection\"\n\t\t\t\tdata-wp-context='{\"productId\":6134}'\n\t\t\t\tdata-wp-key=\"product-item-6134\"\n\t\t\t\n\t\t\t\t>\n\t\t\t\t\t\n<div data-block-name=\"woocommerce\/product-image\" data-height=\"\" data-is-descendent-of-query-loop=\"true\" data-scale=\"contain\" data-show-sale-badge=\"false\" data-style=\"{&quot;spacing&quot;:{&quot;padding&quot;:{&quot;top&quot;:&quot;0&quot;,&quot;bottom&quot;:&quot;0&quot;,&quot;left&quot;:&quot;0&quot;,&quot;right&quot;:&quot;0&quot;}},&quot;dimensions&quot;:{&quot;aspectRatio&quot;:&quot;auto&quot;}}\" data-width=\"\" style=\"padding-top:0;padding-bottom:0;padding-left:0;padding-right:0; padding-top:0;padding-bottom:0;padding-left:0;padding-right:0;\" class=\"wc-block-components-product-image wc-block-grid__product-image wc-block-components-product-image--aspect-ratio-auto wp-block-woocommerce-product-image\"><a href=\"https:\/\/jelicabujic.com\/en\/product\/closer\/\" style=\"\" data-wp-on--click=\"woocommerce\/product-collection::actions.viewProduct\"><img data-recalc-dims=\"1\" loading=\"lazy\" decoding=\"async\" width=\"600\" height=\"819\" src=\"https:\/\/i0.wp.com\/jelicabujic.com\/wp-content\/uploads\/2025\/11\/Closer.webp?resize=600%2C819&#038;ssl=1\" class=\"attachment-woocommerce_single size-woocommerce_single\" alt=\"Closer\" data-testid=\"product-image\" data-image-id=\"6142\" style=\"object-fit:contain;aspect-ratio:auto;\" loading=\"lazy\" srcset=\"https:\/\/i0.wp.com\/jelicabujic.com\/wp-content\/uploads\/2025\/11\/Closer.webp?w=1200&amp;ssl=1 1200w, https:\/\/i0.wp.com\/jelicabujic.com\/wp-content\/uploads\/2025\/11\/Closer.webp?resize=220%2C300&amp;ssl=1 220w, https:\/\/i0.wp.com\/jelicabujic.com\/wp-content\/uploads\/2025\/11\/Closer.webp?resize=751%2C1024&amp;ssl=1 751w, https:\/\/i0.wp.com\/jelicabujic.com\/wp-content\/uploads\/2025\/11\/Closer.webp?resize=768%2C1048&amp;ssl=1 768w, https:\/\/i0.wp.com\/jelicabujic.com\/wp-content\/uploads\/2025\/11\/Closer.webp?resize=1126%2C1536&amp;ssl=1 1126w, https:\/\/i0.wp.com\/jelicabujic.com\/wp-content\/uploads\/2025\/11\/Closer.webp?resize=9%2C12&amp;ssl=1 9w, https:\/\/i0.wp.com\/jelicabujic.com\/wp-content\/uploads\/2025\/11\/Closer.webp?resize=600%2C819&amp;ssl=1 600w\" sizes=\"auto, (max-width: 600px) 100vw, 600px\" \/><div class=\"wc-block-components-product-image__inner-container\">\n\n<\/div><\/a><\/div>\n\n\t\t\t\t<\/li><li class=\"wc-block-product post-6100 product type-product status-publish has-post-thumbnail product_cat-premium-collection product_tag-bijeli-cvijet product_tag-cvijece product_tag-mrtva-priroda product_tag-na-upit  instock sold-individually shipping-taxable purchasable product-type-variable\"\n\t\t\t\t\t\n\t\t\t\tdata-wp-interactive=\"woocommerce\/product-collection\"\n\t\t\t\tdata-wp-context='{\"productId\":6100}'\n\t\t\t\tdata-wp-key=\"product-item-6100\"\n\t\t\t\n\t\t\t\t>\n\t\t\t\t\t\n<div data-block-name=\"woocommerce\/product-image\" data-height=\"\" data-is-descendent-of-query-loop=\"true\" data-scale=\"contain\" data-show-sale-badge=\"false\" data-style=\"{&quot;spacing&quot;:{&quot;padding&quot;:{&quot;top&quot;:&quot;0&quot;,&quot;bottom&quot;:&quot;0&quot;,&quot;left&quot;:&quot;0&quot;,&quot;right&quot;:&quot;0&quot;}},&quot;dimensions&quot;:{&quot;aspectRatio&quot;:&quot;auto&quot;}}\" data-width=\"\" style=\"padding-top:0;padding-bottom:0;padding-left:0;padding-right:0; padding-top:0;padding-bottom:0;padding-left:0;padding-right:0;\" class=\"wc-block-components-product-image wc-block-grid__product-image wc-block-components-product-image--aspect-ratio-auto wp-block-woocommerce-product-image\"><a href=\"https:\/\/jelicabujic.com\/en\/product\/hibiskus-bijeli\/\" style=\"\" data-wp-on--click=\"woocommerce\/product-collection::actions.viewProduct\"><img data-recalc-dims=\"1\" loading=\"lazy\" decoding=\"async\" width=\"600\" height=\"801\" src=\"https:\/\/i0.wp.com\/jelicabujic.com\/wp-content\/uploads\/2025\/08\/hibiskus-bijeli.webp?resize=600%2C801&#038;ssl=1\" class=\"attachment-woocommerce_single size-woocommerce_single\" alt=\"Hibiskus - bijeli\" data-testid=\"product-image\" data-image-id=\"6115\" style=\"object-fit:contain;aspect-ratio:auto;\" loading=\"lazy\" srcset=\"https:\/\/i0.wp.com\/jelicabujic.com\/wp-content\/uploads\/2025\/08\/hibiskus-bijeli.webp?w=1200&amp;ssl=1 1200w, https:\/\/i0.wp.com\/jelicabujic.com\/wp-content\/uploads\/2025\/08\/hibiskus-bijeli.webp?resize=225%2C300&amp;ssl=1 225w, https:\/\/i0.wp.com\/jelicabujic.com\/wp-content\/uploads\/2025\/08\/hibiskus-bijeli.webp?resize=768%2C1025&amp;ssl=1 768w, https:\/\/i0.wp.com\/jelicabujic.com\/wp-content\/uploads\/2025\/08\/hibiskus-bijeli.webp?resize=1151%2C1536&amp;ssl=1 1151w, https:\/\/i0.wp.com\/jelicabujic.com\/wp-content\/uploads\/2025\/08\/hibiskus-bijeli.webp?resize=9%2C12&amp;ssl=1 9w, https:\/\/i0.wp.com\/jelicabujic.com\/wp-content\/uploads\/2025\/08\/hibiskus-bijeli.webp?resize=300%2C400&amp;ssl=1 300w, https:\/\/i0.wp.com\/jelicabujic.com\/wp-content\/uploads\/2025\/08\/hibiskus-bijeli.webp?resize=600%2C801&amp;ssl=1 600w\" sizes=\"auto, (max-width: 600px) 100vw, 600px\" \/><div class=\"wc-block-components-product-image__inner-container\">\n\n<\/div><\/a><\/div>\n\n\t\t\t\t<\/li><li class=\"wc-block-product post-6276 product type-product status-publish has-post-thumbnail product_cat-living-room product_cat-commercial-venues product_cat-office product_cat-blue product_cat-premium-collection product_cat-bedroom product_cat-portrait product_cat-golden product_tag-biljke product_tag-cvijece product_tag-kale product_tag-na-upit product_tag-podvodno product_tag-voda last instock sold-individually shipping-taxable purchasable product-type-variable\"\n\t\t\t\t\t\n\t\t\t\tdata-wp-interactive=\"woocommerce\/product-collection\"\n\t\t\t\tdata-wp-context='{\"productId\":6276}'\n\t\t\t\tdata-wp-key=\"product-item-6276\"\n\t\t\t\n\t\t\t\t>\n\t\t\t\t\t\n<div data-block-name=\"woocommerce\/product-image\" data-height=\"\" data-is-descendent-of-query-loop=\"true\" data-scale=\"contain\" data-show-sale-badge=\"false\" data-style=\"{&quot;spacing&quot;:{&quot;padding&quot;:{&quot;top&quot;:&quot;0&quot;,&quot;bottom&quot;:&quot;0&quot;,&quot;left&quot;:&quot;0&quot;,&quot;right&quot;:&quot;0&quot;}},&quot;dimensions&quot;:{&quot;aspectRatio&quot;:&quot;auto&quot;}}\" data-width=\"\" style=\"padding-top:0;padding-bottom:0;padding-left:0;padding-right:0; padding-top:0;padding-bottom:0;padding-left:0;padding-right:0;\" class=\"wc-block-components-product-image wc-block-grid__product-image wc-block-components-product-image--aspect-ratio-auto wp-block-woocommerce-product-image\"><a href=\"https:\/\/jelicabujic.com\/en\/product\/ples\/\" style=\"\" data-wp-on--click=\"woocommerce\/product-collection::actions.viewProduct\"><img data-recalc-dims=\"1\" loading=\"lazy\" decoding=\"async\" width=\"600\" height=\"900\" src=\"https:\/\/i0.wp.com\/jelicabujic.com\/wp-content\/uploads\/2025\/11\/Ples-copy.webp?resize=600%2C900&#038;ssl=1\" class=\"attachment-woocommerce_single size-woocommerce_single\" alt=\"Dva cvijeta u vodi sa sjenkom koja igra oko njih\" data-testid=\"product-image\" data-image-id=\"6281\" style=\"object-fit:contain;aspect-ratio:auto;\" loading=\"lazy\" srcset=\"https:\/\/i0.wp.com\/jelicabujic.com\/wp-content\/uploads\/2025\/11\/Ples-copy.webp?w=1200&amp;ssl=1 1200w, https:\/\/i0.wp.com\/jelicabujic.com\/wp-content\/uploads\/2025\/11\/Ples-copy.webp?resize=200%2C300&amp;ssl=1 200w, https:\/\/i0.wp.com\/jelicabujic.com\/wp-content\/uploads\/2025\/11\/Ples-copy.webp?resize=683%2C1024&amp;ssl=1 683w, https:\/\/i0.wp.com\/jelicabujic.com\/wp-content\/uploads\/2025\/11\/Ples-copy.webp?resize=768%2C1152&amp;ssl=1 768w, https:\/\/i0.wp.com\/jelicabujic.com\/wp-content\/uploads\/2025\/11\/Ples-copy.webp?resize=1024%2C1536&amp;ssl=1 1024w, https:\/\/i0.wp.com\/jelicabujic.com\/wp-content\/uploads\/2025\/11\/Ples-copy.webp?resize=8%2C12&amp;ssl=1 8w, https:\/\/i0.wp.com\/jelicabujic.com\/wp-content\/uploads\/2025\/11\/Ples-copy.webp?resize=600%2C900&amp;ssl=1 600w\" sizes=\"auto, (max-width: 600px) 100vw, 600px\" \/><div class=\"wc-block-components-product-image__inner-container\">\n\n<\/div><\/a><\/div>\n\n\t\t\t\t<\/li><\/ul><\/div>\n<\/div>\n\n\n\n<div style=\"height:50px\" aria-hidden=\"true\" class=\"wp-block-spacer\"><\/div>\n\n\n\n<div class=\"wp-block-columns is-layout-flex wp-container-core-columns-is-layout-51c0b34d wp-block-columns-is-layout-flex\" style=\"padding-top:var(--wp--preset--spacing--50);padding-bottom:var(--wp--preset--spacing--50)\">\n<div class=\"wp-block-column is-layout-flow wp-block-column-is-layout-flow\" style=\"flex-basis:10%\"><\/div>\n\n\n\n<div class=\"wp-block-column is-layout-flow wp-block-column-is-layout-flow\" style=\"padding-right:var(--wp--preset--spacing--20);padding-left:var(--wp--preset--spacing--20);flex-basis:40%\">\n<p class=\"has-palette-color-1-color has-text-color has-link-color has-small-font-size wp-elements-e620511e6cc818a5a0259fadda81f1f7\">Za razliku od klasi\u010dnih podvodnih fotografija koje se oslanjaju na stati\u010dnost i kontrolu, Jelica radi unutar potpuno suprotnog re\u017eima: svjetlo je difuzno, podloga je tamna, a subjekat fotografisanja kre\u0107e se slobodno u vodi, prelomljen, fragmentisan i transfigurisan. Ono \u0161to nastaje nije zamrznuti trenutak ve\u0107 trenutak koji je ve\u0107 nestao. Svaki rad iz ove serije je stvarno i bukvalno neponovljiv. Ne postoji na\u010din da se isti pokret, ista svjetlost, ista fluidna distorzija i ista dubinska o\u0161trina ikada rekonstrui\u0161u.<\/p>\n\n\n\n<p class=\"has-palette-color-1-color has-text-color has-link-color has-small-font-size wp-elements-c819eb85cb124df953c3c37a244d5fe1\">Ova tehnika \u010dini da svaka fotografija postane jedinstveno umjetni\u010dko djelo, a ne proizvod serijske estetike. Zato je serija ograni\u010dena na samo 20 otisaka po motivu. Ne zbog tr\u017ei\u0161ne ekskluzivnosti, ve\u0107 zbog eti\u010dkog po\u0161tovanja ka samoj prirodi &#8220;slike&#8221; koja je nastala iz neponovljivog fizi\u010dkog procesa.<\/p>\n\n\n\n<p class=\"has-palette-color-1-color has-text-color has-link-color has-small-font-size wp-elements-c4341cb1f99d90a3aeb265f3060757fa\"><br>Tehnika<\/p>\n\n\n\n<p class=\"has-palette-color-1-color has-text-color has-link-color has-small-font-size wp-elements-9e0492379ad1d440e4fc0a07fc5774d8\">Jelicin rad kombinuje \u010detiri elementa koji se gotovo nikada ne sre\u0107u zajedno. Pod jedan, podvodno okru\u017eenje (zatvoren, potpuno kontrolisan mini bazen koji je sama osmislila i integrisala u svoj studio, prava je tehni\u010dka rijetkost). Drugo, tamna pozadina koja pod vodom stvara gotovo bar\u0161unastu dubinu, rijetku u \u017eanru gdje se sve obi\u010dno svodi na svijetle i providne tonove. Tri, blagi, namjerni pokreti svih varijabli koji pod vodom poprimaju slikarsku teksturu. \u010citavom utisku pridonosi i rasvjeta, koja dodatno akcentuira rad.<br>Ova \u010detiri elementa zajedno proizvode &#8220;slike&#8221; koje se kre\u0107u izme\u0111u: fotografije i slikarstva \/ figuracije i apstrakcije \/ realnog i imaginarnog \/ povr\u0161ine i dubine.<br>To je prostor koji je u istoriji fotografije bio obra\u0111ivan samo sporadi\u010dno, kod nekoliko umjetnika koji su radili sa pomakom realnosti kroz pokret ili medijsku distorziju, ali rijetko na ovako intiman, taktilan i fluidan na\u010din.<br><br>Subjekti<\/p>\n\n\n\n<p class=\"has-palette-color-1-color has-text-color has-link-color has-small-font-size wp-elements-b135234108584fa19abf90a36288a067\">Bilo da se u kadru pojavljuje ljudsko tijelo ili cvijet, princip rada ostaje isti. Voda bri\u0161e granice. Pokret rastvara formu. Svjetlost ne pada direktno ve\u0107 se lomi, povla\u010di i raste\u017ee. Cvijet postaje organska nebula, oblik nalik potezu kista u ulju, fragment koji pod vodom di\u0161e, savija se i transformi\u0161e. Tijelo postaje figura bez ego-identiteta.<\/p>\n<\/div>\n\n\n\n<div class=\"wp-block-column is-layout-flow wp-block-column-is-layout-flow\" style=\"padding-right:var(--wp--preset--spacing--20);padding-left:var(--wp--preset--spacing--20);flex-basis:40%\">\n<p class=\"has-text-align-left has-palette-color-1-color has-text-color has-link-color has-small-font-size wp-elements-a57da88ea71e17e18932b2ba7510c840\">Estetika koja se ne mo\u017ee digitalno imitirati<\/p>\n\n\n\n<p class=\"has-palette-color-1-color has-text-color has-link-color has-small-font-size wp-elements-3b3c99b4ad80917cee2898e651c78a75\">Iako dana\u0161nja tehnologija omogu\u0107ava beskrajne manipulacije, ono \u0161to Jelica radi nije mogu\u0107e posti\u0107i u postprodukciji. Pokret vode \/ fluidno svjetlo \/ te\u017eina tame \/ sitne \u010destice \/ mikro distorzije fizi\u010dki fenomeni su fenomeni a ne digitalni efekti. Zato ovi radovi nose autenti\u010dnost medija, onu kompleksnost koju je nemogu\u0107e kompjuterski replicirati.<\/p>\n\n\n\n<p class=\"has-palette-color-1-color has-text-color has-link-color has-small-font-size wp-elements-f73ab86ead381b19103c9a1415cda73f\"><br>Rijetkost pristupa<\/p>\n\n\n\n<p class=\"has-palette-color-1-color has-text-color has-link-color has-small-font-size wp-elements-b88348baaf21d75b5d74ed8e796ec7cc\">Fotografska praksa koja zahtijeva: poseban podvodni prostor \/ tehni\u010dki prilago\u0111enu kadu \/ sposobnost rada u haoti\u010dnim uslovima \/ fizi\u010dku izdr\u017eljivost modela \/ intuitivno upravljanje pokretom aparata \/ kontrolu svjetla u vodenom mediju. Pokret. Pokret. Pokret. Navedeno tehniku \u010dine izuzetno rijetkom a i globalno se javlja samo kod manjeg broja umjetnika koji imaju uslove i hrabrost da iza\u0111u iz okvira studijske kontrole.<\/p>\n\n\n\n<p class=\"has-palette-color-1-color has-text-color has-link-color has-small-font-size wp-elements-83943c9daf0171b9192266b06d0d9f49\"><br>Za\u0161to je ovo premium kolekcija? <br>Neponovljivost svakog kadra (nemogu\u0107nost rekonstrukcije) \/ limitirana edicija od 20 printeva po motivu \/ iznimna slo\u017eenost nastanka slike \/ hibridni likovni karakter (izme\u0111u slikarstva i fotografije) \/ tehni\u010dka rijetkost ove prakse u cijeloj regiji \/ izvedena potpuno bez digitalne manipulacije \/ kolekcionarska vrijednost zbog specifi\u010dne tehnike i ograni\u010dene proizvodnje.<\/p>\n\n\n\n<p class=\"has-text-align-left has-palette-color-1-color has-text-color has-link-color has-small-font-size wp-elements-916117ef08babf2d09f1f10483182c55\"><br>Jelicin rad nastaje iz potpuno specifi\u010dnog tehni\u010dkog i prostornog konteksta, koji mo\u017ee da postoji samo u njenom studiju i samo kroz njen fizi\u010dki proces rada.<\/p>\n<\/div>\n\n\n\n<div class=\"wp-block-column is-layout-flow wp-block-column-is-layout-flow\" style=\"flex-basis:10%\"><\/div>\n<\/div>\n<\/div>\n\n\n\n<p class=\"has-text-align-center has-small-font-size\"><span style=\"color: #9b8600;\" class=\"stk-highlight\">Vi\u0161e o tehnici mo\u017eete saznati <\/span><a href=\"https:\/\/jelicabujic.com\/sta-znaci-fine-art\/\"><strong><span style=\"color: #9b8600;\" class=\"stk-highlight\">ovdje<\/span><\/strong><\/a><span style=\"color: #9b8600;\" class=\"stk-highlight\">.<\/span><\/p>\n\n\n\n<div style=\"height:50px\" aria-hidden=\"true\" class=\"wp-block-spacer\"><\/div>\n<\/div>\n\n\n\n<p class=\"\"><\/p>\n","protected":false},"excerpt":{"rendered":"<p>Vi\u0161e o tehnici mo\u017eete saznati ovdje.<\/p>","protected":false},"author":3,"featured_media":0,"parent":0,"menu_order":0,"comment_status":"closed","ping_status":"closed","template":"","meta":{"_acf_changed":false,"nf_dc_page":"","_gspb_post_css":"#gspb_button-id-gsbp-8af5643{display:flex;justify-content:center}#gspb_button-id-gsbp-8af5643 .gspb-buttonbox-text{display:flex;flex-direction:column}#gspb_button-id-gsbp-8af5643>.gspb-buttonbox{box-sizing:border-box}","footnotes":""},"class_list":["post-6430","page","type-page","status-publish","hentry"],"blocksy_meta":{"content_style_source":"inherit","styles_descriptor":{"styles":{"desktop":"","tablet":"","mobile":""},"google_fonts":[],"version":6}},"acf":[],"jetpack_sharing_enabled":true,"_links":{"self":[{"href":"https:\/\/jelicabujic.com\/en\/wp-json\/wp\/v2\/pages\/6430","targetHints":{"allow":["GET"]}}],"collection":[{"href":"https:\/\/jelicabujic.com\/en\/wp-json\/wp\/v2\/pages"}],"about":[{"href":"https:\/\/jelicabujic.com\/en\/wp-json\/wp\/v2\/types\/page"}],"author":[{"embeddable":true,"href":"https:\/\/jelicabujic.com\/en\/wp-json\/wp\/v2\/users\/3"}],"replies":[{"embeddable":true,"href":"https:\/\/jelicabujic.com\/en\/wp-json\/wp\/v2\/comments?post=6430"}],"version-history":[{"count":5,"href":"https:\/\/jelicabujic.com\/en\/wp-json\/wp\/v2\/pages\/6430\/revisions"}],"predecessor-version":[{"id":6569,"href":"https:\/\/jelicabujic.com\/en\/wp-json\/wp\/v2\/pages\/6430\/revisions\/6569"}],"wp:attachment":[{"href":"https:\/\/jelicabujic.com\/en\/wp-json\/wp\/v2\/media?parent=6430"}],"curies":[{"name":"wp","href":"https:\/\/api.w.org\/{rel}","templated":true}]}}