{"id":621,"date":"2022-07-23T09:27:05","date_gmt":"2022-07-23T09:27:05","guid":{"rendered":"https:\/\/startersites.io\/elementor\/home-decor\/?page_id=621"},"modified":"2025-05-29T21:21:35","modified_gmt":"2025-05-29T21:21:35","slug":"intro","status":"publish","type":"page","link":"https:\/\/jelicabujic.com\/en\/intro\/","title":{"rendered":"Intro"},"content":{"rendered":"<div data-elementor-type=\"wp-page\" data-elementor-id=\"621\" class=\"elementor elementor-621\" data-elementor-post-type=\"page\">\n\t\t\t\t<div class=\"elementor-element elementor-element-b25f9ec e-flex e-con-boxed e-con e-parent\" data-id=\"b25f9ec\" data-element_type=\"container\" data-e-type=\"container\">\n\t\t\t\t\t<div class=\"e-con-inner\">\n\t\t<div class=\"elementor-element elementor-element-e402044 e-con-full e-flex e-con e-child\" data-id=\"e402044\" data-element_type=\"container\" data-e-type=\"container\">\n\t\t\t\t<div class=\"elementor-element elementor-element-5680103 elementor-widget elementor-widget-image\" data-id=\"5680103\" data-element_type=\"widget\" data-e-type=\"widget\" data-widget_type=\"image.default\">\n\t\t\t\t<div class=\"elementor-widget-container\">\n\t\t\t\t\t\t\t\t\t\t\t\t\t\t\t<img fetchpriority=\"high\" decoding=\"async\" width=\"1200\" height=\"1579\" src=\"https:\/\/i0.wp.com\/jelicabujic.com\/wp-content\/uploads\/2025\/05\/jelicabujic9.webp?fit=1200%2C1579&amp;ssl=1\" class=\"attachment-full size-full wp-image-5344\" alt=\"\" srcset=\"https:\/\/i0.wp.com\/jelicabujic.com\/wp-content\/uploads\/2025\/05\/jelicabujic9.webp?w=1200&amp;ssl=1 1200w, https:\/\/i0.wp.com\/jelicabujic.com\/wp-content\/uploads\/2025\/05\/jelicabujic9.webp?resize=228%2C300&amp;ssl=1 228w, https:\/\/i0.wp.com\/jelicabujic.com\/wp-content\/uploads\/2025\/05\/jelicabujic9.webp?resize=778%2C1024&amp;ssl=1 778w, https:\/\/i0.wp.com\/jelicabujic.com\/wp-content\/uploads\/2025\/05\/jelicabujic9.webp?resize=768%2C1011&amp;ssl=1 768w, https:\/\/i0.wp.com\/jelicabujic.com\/wp-content\/uploads\/2025\/05\/jelicabujic9.webp?resize=1167%2C1536&amp;ssl=1 1167w, https:\/\/i0.wp.com\/jelicabujic.com\/wp-content\/uploads\/2025\/05\/jelicabujic9.webp?resize=9%2C12&amp;ssl=1 9w, https:\/\/i0.wp.com\/jelicabujic.com\/wp-content\/uploads\/2025\/05\/jelicabujic9.webp?resize=600%2C790&amp;ssl=1 600w\" sizes=\"(max-width: 1200px) 100vw, 1200px\" \/>\t\t\t\t\t\t\t\t\t\t\t\t\t\t\t<\/div>\n\t\t\t\t<\/div>\n\t\t\t\t<\/div>\n\t\t<div class=\"elementor-element elementor-element-95fe6f2 e-con-full e-flex e-con e-child\" data-id=\"95fe6f2\" data-element_type=\"container\" data-e-type=\"container\">\n\t\t\t\t<div class=\"elementor-element elementor-element-87c9c1b elementor-widget elementor-widget-heading\" data-id=\"87c9c1b\" data-element_type=\"widget\" data-e-type=\"widget\" data-widget_type=\"heading.default\">\n\t\t\t\t<div class=\"elementor-widget-container\">\n\t\t\t\t\t<h2 class=\"elementor-heading-title elementor-size-default\">O Jelici Buji\u0107<\/h2>\t\t\t\t<\/div>\n\t\t\t\t<\/div>\n\t\t\t\t<div class=\"elementor-element elementor-element-fc08aa5 elementor-widget elementor-widget-text-editor\" data-id=\"fc08aa5\" data-element_type=\"widget\" data-e-type=\"widget\" data-widget_type=\"text-editor.default\">\n\t\t\t\t<div class=\"elementor-widget-container\">\n\t\t\t\t\t\t\t\t\t<p data-start=\"189\" data-end=\"623\">Jelica Buji\u0107 je umjetni\u010dka fotografkinja i autorka art otisaka \u010diji je \u017eivot duboko isprepleten sa dinarskim prostorom. Odrasla je na izvoru rijeke Une u Lici, u Hrvatskoj, a danas \u017eivi uz obalu rijeke Zete u Crnoj Gori \u2014 oduvijek okru\u017eena dramati\u010dnim i zadivljuju\u0107im pejza\u017eima Dinarskih Alpa. Jelica osje\u0107a prirodnu povezanost s planinama koje je okru\u017euju, i koje fotografi\u0161e s dubokim po\u0161tovanjem \u2014 od same planine Dinare i maj\u010dinog sela u srcu Dalmacije, preko padina Velebita, sve do Lov\u0107ena, Durmitora i Bjelasice.<\/p><p data-start=\"189\" data-end=\"623\"><span style=\"font-family: inherit; font-size: inherit; font-style: inherit; font-variant-ligatures: inherit; font-variant-caps: inherit; font-weight: inherit;\">She studied photography at the Saint Martin\u2019s School of Art in London and refined her practice under the mentorship of acclaimed photographer David Hamilton. Over the years, she has developed a distinct visual language \u2014 one that blends silence with the untamed beauty of the natural world. Her work moves between the quiet Adriatic shores and the rugged aesthetics of the mountain regions, always carrying with it stories woven from lived experience.<\/span><\/p><p data-start=\"189\" data-end=\"623\">Moving between Croatia and Montenegro, Jelica works directly in the landscape \u2014 present on site, observing, listening, and absorbing the essence of places that hold meaning for her. In her studio, which also houses a small print workshop, she carefully brings each print to its final form \u2014 transforming personal moments into visual narratives that reflect her profound connection to the Adriatic and Dinaric landscapes.<\/p>\t\t\t\t\t\t\t\t<\/div>\n\t\t\t\t<\/div>\n\t\t\t\t<\/div>\n\t\t\t\t\t<\/div>\n\t\t\t\t<\/div>\n\t\t<div class=\"elementor-element elementor-element-630b7cd e-flex e-con-boxed e-con e-parent\" data-id=\"630b7cd\" data-element_type=\"container\" data-e-type=\"container\">\n\t\t\t\t\t<div class=\"e-con-inner\">\n\t\t<div class=\"elementor-element elementor-element-e1caca3 e-con-full e-flex e-con e-child\" data-id=\"e1caca3\" data-element_type=\"container\" data-e-type=\"container\">\n\t\t\t\t<div class=\"elementor-element elementor-element-d2a0871 elementor-widget elementor-widget-text-editor\" data-id=\"d2a0871\" data-element_type=\"widget\" data-e-type=\"widget\" data-widget_type=\"text-editor.default\">\n\t\t\t\t<div class=\"elementor-widget-container\">\n\t\t\t\t\t\t\t\t\t<p class=\"\" data-start=\"1358\" data-end=\"1745\">Jelica\u2019s journey through photography is also a path of self-discovery. Each piece reflects a chapter of her exploration into human connection and emotion, using the camera to tell stories that are both deeply personal and universally resonant. Her collections are carefully curated to showcase her passion for the diverse Adriatic landscapes \u2014 from tranquil seashores to vivid mountain vistas.<\/p><p class=\"\" data-start=\"1358\" data-end=\"1745\"><span style=\"font-family: inherit; font-size: inherit; font-style: inherit; font-variant-ligatures: inherit; font-variant-caps: inherit; font-weight: inherit;\">Step into the unique world of Jelica Buji\u0107\u2019s photography, where each print is not just a view, but a vision of life captured in its most poignant moments.<\/span><\/p><p class=\"\" data-start=\"1358\" data-end=\"1745\">\u00a0<\/p>\t\t\t\t\t\t\t\t<\/div>\n\t\t\t\t<\/div>\n\t\t\t\t<div class=\"elementor-element elementor-element-0abad5f elementor-widget elementor-widget-text-editor\" data-id=\"0abad5f\" data-element_type=\"widget\" data-e-type=\"widget\" data-widget_type=\"text-editor.default\">\n\t\t\t\t<div class=\"elementor-widget-container\">\n\t\t\t\t\t\t\t\t\t<p><span style=\"color: #000000; font-family: -apple-system, system-ui, Segoe UI, Roboto, Helvetica, Arial, sans-serif;\">An unforgettable moment captured in Porto Montenegro \u2014 Jelica\u2019s mentor, the legendary David Hamilton, pictured alongside Jean-Paul Gaultier, painter Ljubomir Borozan, and Jelica herself. A meeting of art, fashion, and photography.<\/span><\/p><p data-start=\"1358\" data-end=\"1745\">\u00a0<\/p>\t\t\t\t\t\t\t\t<\/div>\n\t\t\t\t<\/div>\n\t\t\t\t<\/div>\n\t\t<div class=\"elementor-element elementor-element-fe420a6 e-con-full e-flex e-con e-child\" data-id=\"fe420a6\" data-element_type=\"container\" data-e-type=\"container\">\n\t\t\t\t<div class=\"elementor-element elementor-element-326e43b elementor-widget elementor-widget-image\" data-id=\"326e43b\" data-element_type=\"widget\" data-e-type=\"widget\" data-widget_type=\"image.default\">\n\t\t\t\t<div class=\"elementor-widget-container\">\n\t\t\t\t\t\t\t\t\t\t\t\t\t\t\t<img decoding=\"async\" width=\"400\" height=\"560\" src=\"https:\/\/i0.wp.com\/jelicabujic.com\/wp-content\/uploads\/2025\/04\/instagram1.webp?fit=400560&amp;ssl=1\" class=\"attachment-large size-large wp-image-2262\" alt=\"Jelica Bujic \u2013 fine art fotografija inspirisana analognim senzibilitetom, \u0161kolovana u Londonu, pod mentorstvom Davida Hamiltona.\" srcset=\"\" sizes=\"(max-width: 400px) 100vw, 400px\" data-srcset=\"\" \/>\t\t\t\t\t\t\t\t\t\t\t\t\t\t\t<\/div>\n\t\t\t\t<\/div>\n\t\t\t\t<\/div>\n\t\t\t\t\t<\/div>\n\t\t\t\t<\/div>\n\t\t<div class=\"elementor-element elementor-element-41904a0 e-flex e-con-boxed e-con e-parent\" data-id=\"41904a0\" data-element_type=\"container\" data-e-type=\"container\">\n\t\t\t\t\t<div class=\"e-con-inner\">\n\t\t<div class=\"elementor-element elementor-element-55cfb27 e-flex e-con-boxed e-con e-child\" data-id=\"55cfb27\" data-element_type=\"container\" data-e-type=\"container\" data-settings=\"{&quot;background_background&quot;:&quot;classic&quot;}\">\n\t\t\t\t\t<div class=\"e-con-inner\">\n\t\t\t\t<div class=\"elementor-element elementor-element-68a8637 elementor-view-stacked elementor-shape-circle elementor-widget elementor-widget-icon\" data-id=\"68a8637\" data-element_type=\"widget\" data-e-type=\"widget\" data-widget_type=\"icon.default\">\n\t\t\t\t<div class=\"elementor-widget-container\">\n\t\t\t\t\t\t\t<div class=\"elementor-icon-wrapper\">\n\t\t\t<a class=\"elementor-icon\" href=\"https:\/\/youtu.be\/blEuk8Dv5Pk?si=1t6RWB7PTcwhNV0h&#038;t=951\" target=\"_blank\" rel=\"noopener\">\n\t\t\t<svg aria-hidden=\"true\" class=\"e-font-icon-svg e-fas-play\" viewbox=\"0 0 448 512\" xmlns=\"http:\/\/www.w3.org\/2000\/svg\"><path d=\"M424.4 214.7L72.4 6.6C43.8-10.3 0 6.1 0 47.9V464c0 37.5 40.7 60.1 72.4 41.3l352-208c31.4-18.5 31.5-64.1 0-82.6z\"><\/path><\/svg>\t\t\t<\/a>\n\t\t<\/div>\n\t\t\t\t\t\t<\/div>\n\t\t\t\t<\/div>\n\t\t\t\t\t<\/div>\n\t\t\t\t<\/div>\n\t\t\t\t\t<\/div>\n\t\t\t\t<\/div>\n\t\t<div class=\"elementor-element elementor-element-54d96d2 e-flex e-con-boxed e-con e-parent\" data-id=\"54d96d2\" data-element_type=\"container\" data-e-type=\"container\">\n\t\t\t\t\t<div class=\"e-con-inner\">\n\t\t<div class=\"elementor-element elementor-element-66e4a2e e-con-full e-flex e-con e-child\" data-id=\"66e4a2e\" data-element_type=\"container\" data-e-type=\"container\">\n\t\t\t\t<div class=\"elementor-element elementor-element-b25faf7 elementor-widget elementor-widget-heading\" data-id=\"b25faf7\" data-element_type=\"widget\" data-e-type=\"widget\" data-widget_type=\"heading.default\">\n\t\t\t\t<div class=\"elementor-widget-container\">\n\t\t\t\t\t<h6 class=\"elementor-heading-title elementor-size-default\">INSTAGRAM<\/h6>\t\t\t\t<\/div>\n\t\t\t\t<\/div>\n\t\t\t\t<div class=\"elementor-element elementor-element-1c53259 elementor-widget elementor-widget-heading\" data-id=\"1c53259\" data-element_type=\"widget\" data-e-type=\"widget\" data-widget_type=\"heading.default\">\n\t\t\t\t<div class=\"elementor-widget-container\">\n\t\t\t\t\t<h2 class=\"elementor-heading-title elementor-size-default\"><div data-id=\"60e58ca\" data-element_type=\"widget\" data-widget_type=\"heading.default\" style=\"align-self: auto;flex: 0 1 auto;align-items: normal;flex-flow: row;gap: 20px;--widgets-spacing: 20px 20px;--widgets-spacing-row: 20px;--widgets-spacing-column: 20px;margin-bottom: 0px;--kit-widget-spacing: 0px;max-width: 100%;font-family: Inter, sans-serif;font-size: 15px\"><div style=\"height: 35px\"><h2 style=\"--theme-font-weight: 400;--theme-font-size: 35px;--theme-line-height: 1.5;font-style: normal;font-weight: 400;font-size: 35px;, sans-serif;letter-spacing: normal;text-transform: none;margin-block-end: 20.5px\">Find Me There<\/h2><\/div><\/div><div data-id=\"48ec121\" data-element_type=\"widget\" data-widget_type=\"text-editor.default\" style=\"align-self: auto;flex: 0 1 auto;align-items: normal;flex-flow: row;gap: 20px;--widgets-spacing: 20px 20px;--widgets-spacing-row: 20px;--widgets-spacing-column: 20px;max-width: 100%;font-family: Inter, sans-serif;font-size: 15px\"><div style=\"height: 24.75px\"><span style=\", sans-serif;font-size: 35px\"><\/span><\/div><\/div><\/h2>\t\t\t\t<\/div>\n\t\t\t\t<\/div>\n\t\t\t\t<div class=\"elementor-element elementor-element-3a05eb2 elementor-widget elementor-widget-text-editor\" data-id=\"3a05eb2\" data-element_type=\"widget\" data-e-type=\"widget\" data-widget_type=\"text-editor.default\">\n\t\t\t\t<div class=\"elementor-widget-container\">\n\t\t\t\t\t\t\t\t\t<p><a href=\"https:\/\/www.instagram.com\/jelicabujic\/\" target=\"_blank\" rel=\"noopener\">@jelicabujic<\/a><\/p>\t\t\t\t\t\t\t\t<\/div>\n\t\t\t\t<\/div>\n\t\t\t\t<\/div>\n\t\t\t\t\t<\/div>\n\t\t\t\t<\/div>\n\t\t<div class=\"elementor-element elementor-element-dc719c8 e-flex e-con-boxed e-con e-parent\" data-id=\"dc719c8\" data-element_type=\"container\" data-e-type=\"container\">\n\t\t\t\t\t<div class=\"e-con-inner\">\n\t\t<a class=\"elementor-element elementor-element-56e4ef4 e-grid e-con-full e-con e-child\" data-id=\"56e4ef4\" data-element_type=\"container\" data-e-type=\"container\" href=\"https:\/\/www.instagram.com\/jelicabujic\/\" target=\"_blank\" rel=\"noopener\">\n\t\t\t\t<div class=\"elementor-element elementor-element-08575e0 elementor-widget elementor-widget-image\" data-id=\"08575e0\" data-element_type=\"widget\" data-e-type=\"widget\" data-widget_type=\"image.default\">\n\t\t\t\t<div class=\"elementor-widget-container\">\n\t\t\t\t\t\t\t\t\t\t\t\t\t\t\t<img decoding=\"async\" width=\"400\" height=\"560\" src=\"https:\/\/i0.wp.com\/jelicabujic.com\/wp-content\/uploads\/2025\/04\/instagram1.webp?fit=400560&amp;ssl=1\" class=\"attachment-large size-large wp-image-2262\" alt=\"Jelica Bujic \u2013 fine art fotografija inspirisana analognim senzibilitetom, \u0161kolovana u Londonu, pod mentorstvom Davida Hamiltona.\" srcset=\"\" sizes=\"(max-width: 400px) 100vw, 400px\" data-srcset=\"\" \/>\t\t\t\t\t\t\t\t\t\t\t\t\t\t\t<\/div>\n\t\t\t\t<\/div>\n\t\t\t\t<div class=\"elementor-element elementor-element-bd7e55c elementor-widget elementor-widget-image\" data-id=\"bd7e55c\" data-element_type=\"widget\" data-e-type=\"widget\" data-widget_type=\"image.default\">\n\t\t\t\t<div class=\"elementor-widget-container\">\n\t\t\t\t\t\t\t\t\t\t\t\t\t\t\t<img decoding=\"async\" width=\"400\" height=\"560\" src=\"https:\/\/i0.wp.com\/jelicabujic.com\/wp-content\/uploads\/2025\/04\/instagram2.webp?fit=400560&amp;ssl=1\" class=\"attachment-large size-large wp-image-2263\" alt=\"\" srcset=\"\" sizes=\"(max-width: 400px) 100vw, 400px\" data-srcset=\"\" \/>\t\t\t\t\t\t\t\t\t\t\t\t\t\t\t<\/div>\n\t\t\t\t<\/div>\n\t\t\t\t<div class=\"elementor-element elementor-element-b85ea01 elementor-widget elementor-widget-image\" data-id=\"b85ea01\" data-element_type=\"widget\" data-e-type=\"widget\" data-widget_type=\"image.default\">\n\t\t\t\t<div class=\"elementor-widget-container\">\n\t\t\t\t\t\t\t\t\t\t\t\t\t\t\t<img loading=\"lazy\" decoding=\"async\" width=\"400\" height=\"560\" src=\"https:\/\/i0.wp.com\/jelicabujic.com\/wp-content\/uploads\/2025\/04\/instagram3.webp?fit=400560&amp;ssl=1\" class=\"attachment-large size-large wp-image-2264\" alt=\"\" srcset=\"\" sizes=\"(max-width: 400px) 100vw, 400px\" data-srcset=\"\" \/>\t\t\t\t\t\t\t\t\t\t\t\t\t\t\t<\/div>\n\t\t\t\t<\/div>\n\t\t\t\t<div class=\"elementor-element elementor-element-8848811 elementor-widget elementor-widget-image\" data-id=\"8848811\" data-element_type=\"widget\" data-e-type=\"widget\" data-widget_type=\"image.default\">\n\t\t\t\t<div class=\"elementor-widget-container\">\n\t\t\t\t\t\t\t\t\t\t\t\t\t\t\t<img loading=\"lazy\" decoding=\"async\" width=\"400\" height=\"560\" src=\"https:\/\/i0.wp.com\/jelicabujic.com\/wp-content\/uploads\/2025\/04\/instagram4.webp?fit=400560&amp;ssl=1\" class=\"attachment-large size-large wp-image-2265\" alt=\"\" srcset=\"\" sizes=\"(max-width: 400px) 100vw, 400px\" data-srcset=\"\" \/>\t\t\t\t\t\t\t\t\t\t\t\t\t\t\t<\/div>\n\t\t\t\t<\/div>\n\t\t\t\t<div class=\"elementor-element elementor-element-1a93245 elementor-widget elementor-widget-image\" data-id=\"1a93245\" data-element_type=\"widget\" data-e-type=\"widget\" data-widget_type=\"image.default\">\n\t\t\t\t<div class=\"elementor-widget-container\">\n\t\t\t\t\t\t\t\t\t\t\t\t\t\t\t<img loading=\"lazy\" decoding=\"async\" width=\"400\" height=\"560\" src=\"https:\/\/i0.wp.com\/jelicabujic.com\/wp-content\/uploads\/2025\/04\/instagram5.webp?fit=400560&amp;ssl=1\" class=\"attachment-large size-large wp-image-2266\" alt=\"\" srcset=\"\" sizes=\"(max-width: 400px) 100vw, 400px\" data-srcset=\"\" \/>\t\t\t\t\t\t\t\t\t\t\t\t\t\t\t<\/div>\n\t\t\t\t<\/div>\n\t\t\t\t<div class=\"elementor-element elementor-element-d6376a8 elementor-widget elementor-widget-image\" data-id=\"d6376a8\" data-element_type=\"widget\" data-e-type=\"widget\" data-widget_type=\"image.default\">\n\t\t\t\t<div class=\"elementor-widget-container\">\n\t\t\t\t\t\t\t\t\t\t\t\t\t\t\t<img loading=\"lazy\" decoding=\"async\" width=\"400\" height=\"560\" src=\"https:\/\/i0.wp.com\/jelicabujic.com\/wp-content\/uploads\/2025\/04\/instagram6.webp?fit=400560&amp;ssl=1\" class=\"attachment-large size-large wp-image-2267\" alt=\"\" srcset=\"\" sizes=\"(max-width: 400px) 100vw, 400px\" data-srcset=\"\" \/>\t\t\t\t\t\t\t\t\t\t\t\t\t\t\t<\/div>\n\t\t\t\t<\/div>\n\t\t\t\t<\/a>\n\t\t\t\t\t<\/div>\n\t\t\t\t<\/div>\n\t\t<div class=\"elementor-element elementor-element-390060a e-con-full e-flex e-con e-parent\" data-id=\"390060a\" data-element_type=\"container\" data-e-type=\"container\">\n\t\t\t\t<\/div>\n\t\t<div class=\"elementor-element elementor-element-de40610 e-flex e-con-boxed e-con e-parent\" data-id=\"de40610\" data-element_type=\"container\" data-e-type=\"container\" data-settings=\"{&quot;background_background&quot;:&quot;classic&quot;}\">\n\t\t\t\t\t<div class=\"e-con-inner\">\n\t\t\t\t\t<\/div>\n\t\t\t\t<\/div>\n\t\t\t\t<\/div>","protected":false},"excerpt":{"rendered":"<p>O Jelici Buji\u0107 Jelica Buji\u0107 je umjetni\u010dka fotografkinja i autorka art otisaka \u010diji je \u017eivot duboko isprepleten sa dinarskim prostorom. Odrasla je na izvoru rijeke Une u Lici, u Hrvatskoj, a danas \u017eivi uz obalu rijeke Zete u Crnoj Gori \u2014 oduvijek okru\u017eena dramati\u010dnim i zadivljuju\u0107im pejza\u017eima Dinarskih Alpa. Jelica osje\u0107a prirodnu povezanost s planinama [&hellip;]<\/p>\n","protected":false},"author":2,"featured_media":0,"parent":0,"menu_order":0,"comment_status":"closed","ping_status":"closed","template":"","meta":{"_acf_changed":false,"nf_dc_page":"","_gspb_post_css":"","footnotes":""},"class_list":["post-621","page","type-page","status-publish","hentry"],"blocksy_meta":{"page_title_panel":"","has_hero_section":"disabled","9a35d6300724d16f2d55836fdfcabdd7":"","hero_section":"type-1","hero_elements":[{"id":"custom_title","enabled":true,"heading_tag":"h1","title":"Home"},{"id":"custom_description","enabled":true,"description_visibility":{"desktop":true,"tablet":true,"mobile":false}},{"id":"custom_meta","enabled":false,"meta_elements":[{"id":"author","enabled":true,"label":"By","has_author_avatar":"yes","avatar_size":25},{"id":"post_date","enabled":true,"label":"On","date_format_source":"default","date_format":"M j, Y"},{"id":"updated_date","enabled":false,"label":"On","date_format_source":"default","date_format":"M j, Y"},{"id":"categories","enabled":false,"label":"In","style":"simple"},{"id":"comments","enabled":true}],"page_meta_elements":{"joined":true,"articles_count":true,"comments":true}},{"id":"breadcrumbs","enabled":false}],"5c6d2da6ec2cfc663e8d775d2f1ec022":"","hero_alignment1":"CT_CSS_SKIP_RULE","hero_margin":40,"hero_alignment2":"center","hero_vertical_alignment":"center","2b0af914513f89fb5edb12545f1745bc":"","hero_structure":"narrow","2b28b839438a7f2f102fcc06823e4a11":"","page_title_bg_type":"featured_image","custom_hero_background":{"attachment_id":null},"page_title_image_size":"full","parallax":{"desktop":false,"tablet":false,"mobile":false},"82838db4e129e7d0a64b41af777b79e9":"","hero_height":"250px","pageTitleFont":{"family":"Default","variation":"Default","size":"30px","line-height":"CT_CSS_SKIP_RULE","letter-spacing":"CT_CSS_SKIP_RULE","text-transform":"CT_CSS_SKIP_RULE","text-decoration":"CT_CSS_SKIP_RULE"},"pageTitleFontColor":{"default":{"color":"CT_CSS_SKIP_RULEDEFAULT"}},"pageMetaFont":{"family":"Default","variation":"n6","size":"12px","line-height":"1.3","letter-spacing":"CT_CSS_SKIP_RULE","text-transform":"uppercase","text-decoration":"CT_CSS_SKIP_RULE"},"pageMetaFontColor":{"default":{"color":"CT_CSS_SKIP_RULEDEFAULT"},"hover":{"color":"CT_CSS_SKIP_RULEDEFAULT"}},"page_meta_button_type_font_colors":{"default":{"color":"CT_CSS_SKIP_RULEDEFAULT"},"hover":{"color":"CT_CSS_SKIP_RULEDEFAULT"}},"page_meta_button_type_background_colors":{"default":{"color":"CT_CSS_SKIP_RULEDEFAULT"},"hover":{"color":"CT_CSS_SKIP_RULEDEFAULT"}},"pageExcerptFont":{"family":"Default","variation":"Default","size":"CT_CSS_SKIP_RULE","line-height":"CT_CSS_SKIP_RULE","letter-spacing":"CT_CSS_SKIP_RULE","text-transform":"CT_CSS_SKIP_RULE","text-decoration":"CT_CSS_SKIP_RULE"},"pageExcerptColor":{"default":{"color":"CT_CSS_SKIP_RULEDEFAULT"}},"breadcrumbsFont":{"family":"Default","variation":"Default","size":"CT_CSS_SKIP_RULE","line-height":"CT_CSS_SKIP_RULE","letter-spacing":"CT_CSS_SKIP_RULE","text-transform":"CT_CSS_SKIP_RULE","text-decoration":"CT_CSS_SKIP_RULE"},"breadcrumbsFontColor":{"default":{"color":"CT_CSS_SKIP_RULEDEFAULT"},"initial":{"color":"CT_CSS_SKIP_RULEDEFAULT"},"hover":{"color":"CT_CSS_SKIP_RULEDEFAULT"}},"pageTitleOverlay":{"background_type":"color","background_pattern":"type-1","background_image":{"attachment_id":null,"x":0,"y":0},"gradient":"linear-gradient(135deg,rgba(6,147,227,1) 0%,rgb(155,81,224) 100%)","background_repeat":"repeat","background_size":"auto","background_attachment":"scroll","patternColor":{"default":{"color":"#e5e7ea"}},"overlayColor":{"default":{"color":"CT_CSS_SKIP_RULE"}},"backgroundColor":{"default":{"color":"CT_CSS_SKIP_RULE"}}},"pageTitleBackground":{"background_type":"color","background_pattern":"type-1","background_image":{"attachment_id":null,"x":0,"y":0},"gradient":"linear-gradient(135deg,rgba(6,147,227,1) 0%,rgb(155,81,224) 100%)","background_repeat":"repeat","background_size":"auto","background_attachment":"scroll","patternColor":{"default":{"color":"#e5e7ea"}},"overlayColor":{"default":{"color":"CT_CSS_SKIP_RULE"}},"backgroundColor":{"default":{"color":"var(--theme-palette-color-6)"}}},"pageTitlePadding":{"top":"50px","bottom":"50px","left":"auto","right":"auto","linked":true},"ba52867089f8f665796409cb04f7f4ce":"","page_structure_type":"default","cf1e421ad4816a22f38e0fbf52eee9cf":"","content_style_source":"inherit","content_style":"wide","vertical_spacing_source":"custom","content_area_spacing":"none","background":{"background_type":"color","background_pattern":"type-1","background_image":{"attachment_id":null,"x":0,"y":0},"gradient":"linear-gradient(135deg,rgba(6,147,227,1) 0%,rgb(155,81,224) 100%)","background_repeat":"repeat","background_size":"auto","background_attachment":"scroll","patternColor":{"default":{"color":"#e5e7ea"}},"overlayColor":{"default":{"color":"CT_CSS_SKIP_RULE"}},"backgroundColor":{"default":{"color":"CT_CSS_SKIP_RULE"}}},"content_background":{"background_type":"color","background_pattern":"type-1","background_image":{"attachment_id":null,"x":0,"y":0},"gradient":"linear-gradient(135deg,rgba(6,147,227,1) 0%,rgb(155,81,224) 100%)","background_repeat":"repeat","background_size":"auto","background_attachment":"scroll","patternColor":{"default":{"color":"#e5e7ea"}},"overlayColor":{"default":{"color":"CT_CSS_SKIP_RULE"}},"backgroundColor":{"default":{"color":"var(--theme-palette-color-8)"}}},"content_boxed_shadow":{"inherit":false,"blur":18,"spread":-6,"v_offset":12,"h_offset":0,"inset":false,"enable":true,"color":{"color":"rgba(34, 56, 101, 0.04)"}},"content_boxed_border":{"width":1,"style":"none","color":{"color":"rgba(44,62,80,0.2)"}},"content_boxed_radius":{"top":"3px","bottom":"3px","left":"3px","right":"3px","linked":true},"boxed_content_spacing":{"desktop":{"top":"40px","bottom":"40px","left":"40px","right":"40px","linked":true},"tablet":{"top":"35px","bottom":"35px","left":"35px","right":"35px","linked":true},"mobile":{"top":"20px","bottom":"20px","left":"20px","right":"20px","linked":true}},"48f25a16c1e7bd1af600f8aace204912":"","disable_featured_image":"no","disable_share_box":"no","disable_header":"no","disable_footer":"no","styles_descriptor":{"styles":{"desktop":"","tablet":"","mobile":""},"google_fonts":[],"version":6}},"acf":[],"jetpack_sharing_enabled":true,"_links":{"self":[{"href":"https:\/\/jelicabujic.com\/en\/wp-json\/wp\/v2\/pages\/621","targetHints":{"allow":["GET"]}}],"collection":[{"href":"https:\/\/jelicabujic.com\/en\/wp-json\/wp\/v2\/pages"}],"about":[{"href":"https:\/\/jelicabujic.com\/en\/wp-json\/wp\/v2\/types\/page"}],"author":[{"embeddable":true,"href":"https:\/\/jelicabujic.com\/en\/wp-json\/wp\/v2\/users\/2"}],"replies":[{"embeddable":true,"href":"https:\/\/jelicabujic.com\/en\/wp-json\/wp\/v2\/comments?post=621"}],"version-history":[{"count":5,"href":"https:\/\/jelicabujic.com\/en\/wp-json\/wp\/v2\/pages\/621\/revisions"}],"predecessor-version":[{"id":5455,"href":"https:\/\/jelicabujic.com\/en\/wp-json\/wp\/v2\/pages\/621\/revisions\/5455"}],"wp:attachment":[{"href":"https:\/\/jelicabujic.com\/en\/wp-json\/wp\/v2\/media?parent=621"}],"curies":[{"name":"wp","href":"https:\/\/api.w.org\/{rel}","templated":true}]}}