{"id":1017,"date":"2022-03-02T09:54:53","date_gmt":"2022-03-02T09:54:53","guid":{"rendered":"https:\/\/startersites.io\/blocksy\/home-decor\/?page_id=3"},"modified":"2025-06-10T20:59:41","modified_gmt":"2025-06-10T20:59:41","slug":"politika-privatnosti","status":"publish","type":"page","link":"https:\/\/jelicabujic.com\/en\/politika-privatnosti\/","title":{"rendered":"Privacy Policy"},"content":{"rendered":"<div data-elementor-type=\"wp-page\" data-elementor-id=\"1017\" class=\"elementor elementor-1017\" data-elementor-post-type=\"page\">\n\t\t\t\t<div class=\"elementor-element elementor-element-0768708 e-flex e-con-boxed e-con e-parent\" data-id=\"0768708\" data-element_type=\"container\" data-e-type=\"container\">\n\t\t\t\t\t<div class=\"e-con-inner\">\n\t\t<div class=\"elementor-element elementor-element-c749637 e-con-full e-flex e-con e-child\" data-id=\"c749637\" data-element_type=\"container\" data-e-type=\"container\">\n\t\t\t\t<div class=\"elementor-element elementor-element-4d469f4 elementor-widget elementor-widget-text-editor\" data-id=\"4d469f4\" data-element_type=\"widget\" data-e-type=\"widget\" data-widget_type=\"text-editor.default\">\n\t\t\t\t<div class=\"elementor-widget-container\">\n\t\t\t\t\t\t\t\t\t<h6><strong>Definitions of the Privacy Policy<\/strong><\/h6>\n<p><!-- \/wp:paragraph --><!-- wp:paragraph --><\/p>\n<p>This Privacy Policy governs the practice of collecting user information while using the website http:\/\/www.jelicabujic.com, as well as storing it in the databases of our company ONE&amp;NINE. Our privacy policy outlines the reasons why and how we collect, use, and protect your personal data.<\/p>\n<p><!-- \/wp:paragraph --><!-- wp:paragraph --><\/p>\n<p>We reserve the discretionary right to modify this Privacy Policy at any time, and such modified text shall become effective immediately upon being published on the Website.<\/p>\n<p><!-- \/wp:paragraph --><!-- wp:paragraph --><\/p>\n<p>Your continued use of the Website after any changes implies that you accept all the terms of the updated Privacy Policy. Therefore, we advise users to periodically reread the information contained in the Privacy Policy to stay informed about potential changes.<\/p>\n<p><!-- \/wp:paragraph --><\/p>\t\t\t\t\t\t\t\t<\/div>\n\t\t\t\t<\/div>\n\t\t\t\t<div class=\"elementor-element elementor-element-6cd91ef elementor-widget-divider--view-line elementor-widget elementor-widget-divider\" data-id=\"6cd91ef\" data-element_type=\"widget\" data-e-type=\"widget\" data-widget_type=\"divider.default\">\n\t\t\t\t<div class=\"elementor-widget-container\">\n\t\t\t\t\t\t\t<div class=\"elementor-divider\">\n\t\t\t<span class=\"elementor-divider-separator\">\n\t\t\t\t\t\t<\/span>\n\t\t<\/div>\n\t\t\t\t\t\t<\/div>\n\t\t\t\t<\/div>\n\t\t\t\t<div class=\"elementor-element elementor-element-3182ab0 elementor-widget elementor-widget-text-editor\" data-id=\"3182ab0\" data-element_type=\"widget\" data-e-type=\"widget\" data-widget_type=\"text-editor.default\">\n\t\t\t\t<div class=\"elementor-widget-container\">\n\t\t\t\t\t\t\t\t\t<p><!-- \/wp:paragraph --><!-- wp:paragraph --><\/p>\n<h6><strong>Data Storage and Retention<\/strong><\/h6>\n<p><!-- \/wp:paragraph --><!-- wp:paragraph --><\/p>\n<p>The company ONE&amp;NINE, as the seller of products and services on the website, makes every effort to protect your privacy while you are online as a user. Your personal information is stored securely and confidentially and is processed lawfully in accordance with this Privacy Policy. We take appropriate technical and organizational measures to protect against unauthorized and unlawful access and processing of your personal data, including encrypting your information. We will retain your information for as long as needed to process your order, payment, handle refunds, respond to complaints, or provide you with promotional information you have subscribed to.<\/p>\n<p><!-- \/wp:paragraph --><\/p>\t\t\t\t\t\t\t\t<\/div>\n\t\t\t\t<\/div>\n\t\t\t\t<div class=\"elementor-element elementor-element-37d40bf elementor-widget-divider--view-line elementor-widget elementor-widget-divider\" data-id=\"37d40bf\" data-element_type=\"widget\" data-e-type=\"widget\" data-widget_type=\"divider.default\">\n\t\t\t\t<div class=\"elementor-widget-container\">\n\t\t\t\t\t\t\t<div class=\"elementor-divider\">\n\t\t\t<span class=\"elementor-divider-separator\">\n\t\t\t\t\t\t<\/span>\n\t\t<\/div>\n\t\t\t\t\t\t<\/div>\n\t\t\t\t<\/div>\n\t\t\t\t<\/div>\n\t\t<div class=\"elementor-element elementor-element-70b0416 e-con-full e-flex e-con e-child\" data-id=\"70b0416\" data-element_type=\"container\" data-e-type=\"container\">\n\t\t\t\t<div class=\"elementor-element elementor-element-2604320 elementor-widget elementor-widget-text-editor\" data-id=\"2604320\" data-element_type=\"widget\" data-e-type=\"widget\" data-widget_type=\"text-editor.default\">\n\t\t\t\t<div class=\"elementor-widget-container\">\n\t\t\t\t\t\t\t\t\t<h6><strong>How Data is Collected and Used<\/strong><\/h6>\n<p><!-- \/wp:paragraph --><!-- wp:paragraph --><\/p>\n<p><!-- \/wp:paragraph --><!-- wp:paragraph --><\/p>\n<p>During your visit to the website, we may collect personal data necessary to create your account, for billing purposes, or to deliver your goods. Your personal data is used solely to enable us to provide you with the products and services you request, to fulfill your needs, personalize our offerings, improve website functionality, ensure administrative processing, establish contact with you, enhance our advertising and promotional effectiveness, and improve our product or service offering. This also includes cooperating with institutions responsible for law enforcement.<\/p>\n<p><!-- \/wp:paragraph --><!-- wp:paragraph --><\/p>\n<p>We do not sell or rent your personal data to third parties for their marketing purposes without first giving you the opportunity to opt out. However, we may share your data with our business units and partners who are part of this Privacy Policy. We will never misuse your personal information under any circumstances. In the following sections, we will explain how and why your information may be shared as part of normal website operations.<\/p>\n<p><!-- \/wp:paragraph --><\/p>\t\t\t\t\t\t\t\t<\/div>\n\t\t\t\t<\/div>\n\t\t\t\t<div class=\"elementor-element elementor-element-40096c2 elementor-widget-divider--view-line elementor-widget elementor-widget-divider\" data-id=\"40096c2\" data-element_type=\"widget\" data-e-type=\"widget\" data-widget_type=\"divider.default\">\n\t\t\t\t<div class=\"elementor-widget-container\">\n\t\t\t\t\t\t\t<div class=\"elementor-divider\">\n\t\t\t<span class=\"elementor-divider-separator\">\n\t\t\t\t\t\t<\/span>\n\t\t<\/div>\n\t\t\t\t\t\t<\/div>\n\t\t\t\t<\/div>\n\t\t\t\t<div class=\"elementor-element elementor-element-17a2b9b elementor-widget elementor-widget-text-editor\" data-id=\"17a2b9b\" data-element_type=\"widget\" data-e-type=\"widget\" data-widget_type=\"text-editor.default\">\n\t\t\t\t<div class=\"elementor-widget-container\">\n\t\t\t\t\t\t\t\t\t<h6><strong style=\"font-family: inherit; font-size: inherit; font-style: inherit; font-variant-ligatures: inherit; font-variant-caps: inherit; color: #595144;\">Cookies<\/strong><\/h6>\n<p><!-- \/wp:paragraph --><!-- wp:paragraph --><\/p>\n<p>A cookie is a piece of information stored on your computer by the website you visit. Cookies usually store your settings and preferences for the website, such as preferred language or address. Later, when you return to the same site, the browser sends the cookies back to that website. This allows the site to recognize you and present content tailored to your needs.\nIf you do not want our website to access your cookies, you can block them. Most web browsers allow you to block cookies. You can do this through your browser settings.<\/p>\n<p><!-- \/wp:paragraph --><\/p>\t\t\t\t\t\t\t\t<\/div>\n\t\t\t\t<\/div>\n\t\t\t\t<div class=\"elementor-element elementor-element-2172406 elementor-widget-divider--view-line elementor-widget elementor-widget-divider\" data-id=\"2172406\" data-element_type=\"widget\" data-e-type=\"widget\" data-widget_type=\"divider.default\">\n\t\t\t\t<div class=\"elementor-widget-container\">\n\t\t\t\t\t\t\t<div class=\"elementor-divider\">\n\t\t\t<span class=\"elementor-divider-separator\">\n\t\t\t\t\t\t<\/span>\n\t\t<\/div>\n\t\t\t\t\t\t<\/div>\n\t\t\t\t<\/div>\n\t\t\t\t<\/div>\n\t\t\t\t\t<\/div>\n\t\t\t\t<\/div>\n\t\t\t\t<\/div>","protected":false},"excerpt":{"rendered":"<p>Definicije politike privatnosti Ova Politika privatnosti reguli\u0161e praksu prikupljanja informacija od korisnika prilikom kori\u0161\u0107enja internet stranice http\/\/www.jelicabujic.com, kao i njihovo skladi\u0161tenje u bazama podataka na\u0161eg preduze\u0107a ONE&amp;NINE.\u00a0Na\u0161a politika privatnosti obuhvata razloge kako i za\u0161to sakupljamo, koristimo i \u0161titimo Va\u0161e li\u010dne podatke. Zadr\u017eavamo diskreciono pravo da ovu Politiku privatnosti mo\u017eemo izmjeniti u svako doba i da [&hellip;]<\/p>\n","protected":false},"author":2,"featured_media":0,"parent":0,"menu_order":0,"comment_status":"closed","ping_status":"closed","template":"","meta":{"_acf_changed":false,"nf_dc_page":"","_gspb_post_css":"","footnotes":""},"class_list":["post-1017","page","type-page","status-publish","hentry"],"blocksy_meta":[],"acf":[],"jetpack_sharing_enabled":true,"_links":{"self":[{"href":"https:\/\/jelicabujic.com\/en\/wp-json\/wp\/v2\/pages\/1017","targetHints":{"allow":["GET"]}}],"collection":[{"href":"https:\/\/jelicabujic.com\/en\/wp-json\/wp\/v2\/pages"}],"about":[{"href":"https:\/\/jelicabujic.com\/en\/wp-json\/wp\/v2\/types\/page"}],"author":[{"embeddable":true,"href":"https:\/\/jelicabujic.com\/en\/wp-json\/wp\/v2\/users\/2"}],"replies":[{"embeddable":true,"href":"https:\/\/jelicabujic.com\/en\/wp-json\/wp\/v2\/comments?post=1017"}],"version-history":[{"count":5,"href":"https:\/\/jelicabujic.com\/en\/wp-json\/wp\/v2\/pages\/1017\/revisions"}],"predecessor-version":[{"id":5748,"href":"https:\/\/jelicabujic.com\/en\/wp-json\/wp\/v2\/pages\/1017\/revisions\/5748"}],"wp:attachment":[{"href":"https:\/\/jelicabujic.com\/en\/wp-json\/wp\/v2\/media?parent=1017"}],"curies":[{"name":"wp","href":"https:\/\/api.w.org\/{rel}","templated":true}]}}