{"id":1016,"date":"2022-07-20T09:15:52","date_gmt":"2022-07-20T09:15:52","guid":{"rendered":"https:\/\/startersites.io\/elementor\/home-decor\/?page_id=3"},"modified":"2025-06-10T21:16:10","modified_gmt":"2025-06-10T21:16:10","slug":"politika-poslovanja","status":"publish","type":"page","link":"https:\/\/jelicabujic.com\/en\/politika-poslovanja\/","title":{"rendered":"Terms and Conditions"},"content":{"rendered":"<div data-elementor-type=\"wp-page\" data-elementor-id=\"1016\" class=\"elementor elementor-1016\" data-elementor-post-type=\"page\">\n\t\t\t\t<div class=\"elementor-element elementor-element-78c053ed e-flex e-con-boxed e-con e-parent\" data-id=\"78c053ed\" data-element_type=\"container\" data-e-type=\"container\">\n\t\t\t\t\t<div class=\"e-con-inner\">\n\t\t\t\t<div class=\"elementor-element elementor-element-5dcfa2a elementor-widget elementor-widget-text-editor\" data-id=\"5dcfa2a\" data-element_type=\"widget\" data-e-type=\"widget\" data-widget_type=\"text-editor.default\">\n\t\t\t\t<div class=\"elementor-widget-container\">\n\t\t\t\t\t\t\t\t\t<p><span style=\"font-family: inherit; font-size: inherit; font-style: inherit; font-variant-ligatures: inherit; font-variant-caps: inherit;\"><b>Osnovni podaci firme<br \/><\/b><span style=\"font-weight: inherit;\">ONE&amp;NINE d.o.o. &#8211; Danilovgrad; Su\u0161ica bb<\/span><\/span><\/p><p style=\"font-style: normal; font-variant-ligatures: normal; font-variant-caps: normal; font-weight: 400; font-size: 13px; font-family: Inter, sans-serif; margin-block-end: 0px;\"><span style=\"font-family: inherit; font-size: inherit; font-style: inherit; font-variant-ligatures: inherit; font-variant-caps: inherit; font-weight: inherit;\">Odgovorno lice: Jelica Buji\u0107<\/span><\/p><div><span style=\"font-family: inherit; font-size: inherit; font-style: inherit; font-variant-ligatures: inherit; font-variant-caps: inherit; font-weight: inherit;\">PIB: 03140601<\/span><\/div><p><span style=\"font-family: inherit; font-size: inherit; font-style: inherit; font-variant-ligatures: inherit; font-variant-caps: inherit; font-weight: inherit;\">\u0160ifra djelatnosti: 7420<\/span><\/p>\t\t\t\t\t\t\t\t<\/div>\n\t\t\t\t<\/div>\n\t\t\t\t<div class=\"elementor-element elementor-element-fbc869c elementor-widget elementor-widget-text-editor\" data-id=\"fbc869c\" data-element_type=\"widget\" data-e-type=\"widget\" data-widget_type=\"text-editor.default\">\n\t\t\t\t<div class=\"elementor-widget-container\">\n\t\t\t\t\t\t\t\t\t<p>U nastavku mo\u017ee\u0161 prona\u0107i informacije o politici povrata.<br><span style=\"font-family: inherit; font-size: inherit; font-style: inherit; font-variant-ligatures: inherit; font-variant-caps: inherit; font-weight: inherit;\">If you have any questions at all, feel free to [contact us].<\/span><\/p>\t\t\t\t\t\t\t\t<\/div>\n\t\t\t\t<\/div>\n\t\t\t\t<div class=\"elementor-element elementor-element-a8df4dc elementor-widget-divider--view-line elementor-widget elementor-widget-divider\" data-id=\"a8df4dc\" data-element_type=\"widget\" data-e-type=\"widget\" data-widget_type=\"divider.default\">\n\t\t\t\t<div class=\"elementor-widget-container\">\n\t\t\t\t\t\t\t<div class=\"elementor-divider\">\n\t\t\t<span class=\"elementor-divider-separator\">\n\t\t\t\t\t\t<\/span>\n\t\t<\/div>\n\t\t\t\t\t\t<\/div>\n\t\t\t\t<\/div>\n\t\t\t\t<div class=\"elementor-element elementor-element-3b51f24 elementor-widget elementor-widget-text-editor\" data-id=\"3b51f24\" data-element_type=\"widget\" data-e-type=\"widget\" data-widget_type=\"text-editor.default\">\n\t\t\t\t<div class=\"elementor-widget-container\">\n\t\t\t\t\t\t\t\t\t<p><b>Photographic Prints<br \/><\/b><span style=\"font-family: inherit; font-size: inherit; font-style: inherit; font-variant-ligatures: inherit; font-variant-caps: inherit; font-weight: inherit;\">All print purchases are final.<br \/><\/span><span style=\"font-family: inherit; font-size: inherit; font-style: inherit; font-variant-ligatures: inherit; font-variant-caps: inherit; font-weight: inherit;\">Unfortunately, we cannot accept exchanges or refunds due to a change of mind.<br \/><\/span><span style=\"font-family: inherit; font-size: inherit; font-style: inherit; font-variant-ligatures: inherit; font-variant-caps: inherit; font-weight: inherit;\">If your print is damaged in transit, please contact us within 7 days of receiving your order [here].\u00a0<a href=\"https:\/\/jelicabujic.com\/contact\/\">here<\/a>.<br \/><\/span><span style=\"font-family: inherit; font-size: inherit; font-style: inherit; font-variant-ligatures: inherit; font-variant-caps: inherit; font-weight: inherit;\">Kindly include a photo of the damage with your email.<br \/><\/span><span style=\"font-family: inherit; font-size: inherit; font-style: inherit; font-variant-ligatures: inherit; font-variant-caps: inherit; font-weight: inherit;\">Note: We do not offer exchanges.<\/span><\/p>\t\t\t\t\t\t\t\t<\/div>\n\t\t\t\t<\/div>\n\t\t\t\t<div class=\"elementor-element elementor-element-7985c66 elementor-widget-divider--view-line elementor-widget elementor-widget-divider\" data-id=\"7985c66\" data-element_type=\"widget\" data-e-type=\"widget\" data-widget_type=\"divider.default\">\n\t\t\t\t<div class=\"elementor-widget-container\">\n\t\t\t\t\t\t\t<div class=\"elementor-divider\">\n\t\t\t<span class=\"elementor-divider-separator\">\n\t\t\t\t\t\t<\/span>\n\t\t<\/div>\n\t\t\t\t\t\t<\/div>\n\t\t\t\t<\/div>\n\t\t\t\t<div class=\"elementor-element elementor-element-f0e064d elementor-widget elementor-widget-text-editor\" data-id=\"f0e064d\" data-element_type=\"widget\" data-e-type=\"widget\" data-widget_type=\"text-editor.default\">\n\t\t\t\t<div class=\"elementor-widget-container\">\n\t\t\t\t\t\t\t\t\t<p><b>Print Handling Instructions<br \/><\/b><span style=\"font-family: inherit; font-size: inherit; font-style: inherit; font-variant-ligatures: inherit; font-variant-caps: inherit; font-weight: inherit;\">When your print arrives, please don\u2019t open it right away (we know \u2014 it\u2019s tempting).<br \/><\/span><span style=\"font-family: inherit; font-size: inherit; font-style: inherit; font-variant-ligatures: inherit; font-variant-caps: inherit; font-weight: inherit;\">We strongly recommend taking it to a professional framer to avoid damage.<br \/><\/span><span style=\"font-family: inherit; font-size: inherit; font-style: inherit; font-variant-ligatures: inherit; font-variant-caps: inherit; font-weight: inherit;\">To ensure longevity:<br \/><\/span><span style=\"font-family: inherit; font-size: inherit; font-style: inherit; font-variant-ligatures: inherit; font-variant-caps: inherit; font-weight: inherit;\">Keep the print out of direct sunlight.<br \/><\/span><span style=\"font-family: inherit; font-size: inherit; font-style: inherit; font-variant-ligatures: inherit; font-variant-caps: inherit; font-weight: inherit;\">Frame it using archival-quality mat board and lightweight acrylic glass.<\/span><\/p>\t\t\t\t\t\t\t\t<\/div>\n\t\t\t\t<\/div>\n\t\t\t\t<div class=\"elementor-element elementor-element-ecfc64c elementor-widget-divider--view-line elementor-widget elementor-widget-divider\" data-id=\"ecfc64c\" data-element_type=\"widget\" data-e-type=\"widget\" data-widget_type=\"divider.default\">\n\t\t\t\t<div class=\"elementor-widget-container\">\n\t\t\t\t\t\t\t<div class=\"elementor-divider\">\n\t\t\t<span class=\"elementor-divider-separator\">\n\t\t\t\t\t\t<\/span>\n\t\t<\/div>\n\t\t\t\t\t\t<\/div>\n\t\t\t\t<\/div>\n\t\t\t\t<div class=\"elementor-element elementor-element-f6f1ed0 elementor-widget elementor-widget-text-editor\" data-id=\"f6f1ed0\" data-element_type=\"widget\" data-e-type=\"widget\" data-widget_type=\"text-editor.default\">\n\t\t\t\t<div class=\"elementor-widget-container\">\n\t\t\t\t\t\t\t\t\t<p><b>Media<br \/><\/b><span style=\"font-family: inherit; font-size: inherit; font-style: inherit; font-variant-ligatures: inherit; font-variant-caps: inherit; font-weight: inherit;\">If you upload images to this website, please avoid uploading files that include embedded location data (EXIF GPS).<br \/><\/span><span style=\"font-family: inherit; font-size: inherit; font-style: inherit; font-variant-ligatures: inherit; font-variant-caps: inherit; font-weight: inherit;\">Visitors can download and extract such information from images on the site.<\/span><\/p>\n<p>\u00a0<\/p>\t\t\t\t\t\t\t\t<\/div>\n\t\t\t\t<\/div>\n\t\t\t\t<div class=\"elementor-element elementor-element-570c759 elementor-widget-divider--view-line elementor-widget elementor-widget-divider\" data-id=\"570c759\" data-element_type=\"widget\" data-e-type=\"widget\" data-widget_type=\"divider.default\">\n\t\t\t\t<div class=\"elementor-widget-container\">\n\t\t\t\t\t\t\t<div class=\"elementor-divider\">\n\t\t\t<span class=\"elementor-divider-separator\">\n\t\t\t\t\t\t<\/span>\n\t\t<\/div>\n\t\t\t\t\t\t<\/div>\n\t\t\t\t<\/div>\n\t\t\t\t<div class=\"elementor-element elementor-element-277cfd8 elementor-widget elementor-widget-text-editor\" data-id=\"277cfd8\" data-element_type=\"widget\" data-e-type=\"widget\" data-widget_type=\"text-editor.default\">\n\t\t\t\t<div class=\"elementor-widget-container\">\n\t\t\t\t\t\t\t\t\t<p><b>Cookies<br \/><\/b><span style=\"font-family: inherit; font-size: inherit; font-style: inherit; font-variant-ligatures: inherit; font-variant-caps: inherit; font-weight: inherit;\">If you leave a comment, you may choose to save your name, email, and website in cookies. This is for your convenience so you don\u2019t have to fill in your details again later.<br \/><\/span><span style=\"font-family: inherit; font-size: inherit; font-style: inherit; font-variant-ligatures: inherit; font-variant-caps: inherit; font-weight: inherit;\">These cookies will last for one year.<\/span><\/p>\n<p><span style=\"font-family: inherit; font-size: inherit; font-style: inherit; font-variant-ligatures: inherit; font-variant-caps: inherit; font-weight: inherit;\">When you visit the login page, we set a temporary cookie to check if your browser accepts cookies. This cookie contains no personal data and is deleted when you close your browser.<br \/><\/span><span style=\"font-family: inherit; font-size: inherit; font-style: inherit; font-variant-ligatures: inherit; font-variant-caps: inherit; font-weight: inherit;\">When you log in, we will also set several cookies to save your login information and screen preferences.<br \/><\/span><span style=\"font-family: inherit; font-size: inherit; font-style: inherit; font-variant-ligatures: inherit; font-variant-caps: inherit; font-weight: inherit;\">Login cookies last for two days, and screen option cookies last for one year. If you select \"Remember Me,\" your login will persist for two weeks. When you log out, the login cookies will be removed.<\/span><\/p>\n<p><span style=\"font-family: inherit; font-size: inherit; font-style: inherit; font-variant-ligatures: inherit; font-variant-caps: inherit; font-weight: inherit;\">f you edit or publish a comment, an additional cookie will be saved in your browser.\nThis cookie includes no personal data \u2014 it simply records the post ID of the article you edited. It expires after one day.<\/span><\/p>\n<p>\u00a0<\/p>\t\t\t\t\t\t\t\t<\/div>\n\t\t\t\t<\/div>\n\t\t\t\t<div class=\"elementor-element elementor-element-3111334 elementor-widget-divider--view-line elementor-widget elementor-widget-divider\" data-id=\"3111334\" data-element_type=\"widget\" data-e-type=\"widget\" data-widget_type=\"divider.default\">\n\t\t\t\t<div class=\"elementor-widget-container\">\n\t\t\t\t\t\t\t<div class=\"elementor-divider\">\n\t\t\t<span class=\"elementor-divider-separator\">\n\t\t\t\t\t\t<\/span>\n\t\t<\/div>\n\t\t\t\t\t\t<\/div>\n\t\t\t\t<\/div>\n\t\t\t\t<div class=\"elementor-element elementor-element-0b9b14e elementor-widget elementor-widget-text-editor\" data-id=\"0b9b14e\" data-element_type=\"widget\" data-e-type=\"widget\" data-widget_type=\"text-editor.default\">\n\t\t\t\t<div class=\"elementor-widget-container\">\n\t\t\t\t\t\t\t\t\t<p><b>Embedded Content from Other Websites<br><\/b><span style=\"font-family: inherit; font-size: inherit; font-style: inherit; font-variant-ligatures: inherit; font-variant-caps: inherit; font-weight: inherit;\">\u010clanci na ovom sajtu mogu sadr\u017eavati ugra\u0111eni sadr\u017eaj (npr. video zapise, slike, \u010dlanke itd.).<br><\/span><span style=\"font-family: inherit; font-size: inherit; font-style: inherit; font-variant-ligatures: inherit; font-variant-caps: inherit; font-weight: inherit;\">Articles on this site may include embedded content (e.g. videos, images, articles, etc.).\nEmbedded content behaves the same way as if you had visited the other website directly.<\/span><\/p>\n<p><span style=\"font-family: inherit; font-size: inherit; font-style: inherit; font-variant-ligatures: inherit; font-variant-caps: inherit; font-weight: inherit;\">These websites may collect data about you, use cookies, embed third-party tracking, and monitor your interaction with the embedded content \u2014 especially if you are logged into their platform.<\/span><\/p>\n<p><\/p>\t\t\t\t\t\t\t\t<\/div>\n\t\t\t\t<\/div>\n\t\t\t\t<div class=\"elementor-element elementor-element-654e670 elementor-widget-divider--view-line elementor-widget elementor-widget-divider\" data-id=\"654e670\" data-element_type=\"widget\" data-e-type=\"widget\" data-widget_type=\"divider.default\">\n\t\t\t\t<div class=\"elementor-widget-container\">\n\t\t\t\t\t\t\t<div class=\"elementor-divider\">\n\t\t\t<span class=\"elementor-divider-separator\">\n\t\t\t\t\t\t<\/span>\n\t\t<\/div>\n\t\t\t\t\t\t<\/div>\n\t\t\t\t<\/div>\n\t\t\t\t<div class=\"elementor-element elementor-element-e410981 elementor-widget elementor-widget-text-editor\" data-id=\"e410981\" data-element_type=\"widget\" data-e-type=\"widget\" data-widget_type=\"text-editor.default\">\n\t\t\t\t<div class=\"elementor-widget-container\">\n\t\t\t\t\t\t\t\t\t<p><b>Who We Share Your Data With<br><\/b><span style=\"font-family: inherit; font-size: inherit; font-style: inherit; font-variant-ligatures: inherit; font-variant-caps: inherit; font-weight: inherit;\">If you request a password reset, your IP address will be included in the reset email.<\/span><\/p>\n<p><\/p>\t\t\t\t\t\t\t\t<\/div>\n\t\t\t\t<\/div>\n\t\t\t\t<div class=\"elementor-element elementor-element-de79aa8 elementor-widget-divider--view-line elementor-widget elementor-widget-divider\" data-id=\"de79aa8\" data-element_type=\"widget\" data-e-type=\"widget\" data-widget_type=\"divider.default\">\n\t\t\t\t<div class=\"elementor-widget-container\">\n\t\t\t\t\t\t\t<div class=\"elementor-divider\">\n\t\t\t<span class=\"elementor-divider-separator\">\n\t\t\t\t\t\t<\/span>\n\t\t<\/div>\n\t\t\t\t\t\t<\/div>\n\t\t\t\t<\/div>\n\t\t\t\t<div class=\"elementor-element elementor-element-2b52ff4 elementor-widget elementor-widget-text-editor\" data-id=\"2b52ff4\" data-element_type=\"widget\" data-e-type=\"widget\" data-widget_type=\"text-editor.default\">\n\t\t\t\t<div class=\"elementor-widget-container\">\n\t\t\t\t\t\t\t\t\t<p><b>How Long We Retain Your Data<br \/><\/b><span style=\"font-family: inherit; font-size: inherit; font-style: inherit; font-variant-ligatures: inherit; font-variant-caps: inherit; font-weight: inherit;\">If you leave a comment, both the comment and its metadata are stored indefinitely.<br \/><\/span><span style=\"font-family: inherit; font-size: inherit; font-style: inherit; font-variant-ligatures: inherit; font-variant-caps: inherit; font-weight: inherit;\">This allows us to automatically recognize and approve any follow-up comments instead of holding them for moderation.<\/span><\/p>\n<p>\u00a0<\/p>\n<p>For users who register on our website (if any), we store the personal data they provide in their user profile.<br \/><span style=\"font-family: inherit; font-size: inherit; font-style: inherit; font-variant-ligatures: inherit; font-variant-caps: inherit; font-weight: inherit;\">All users can view, edit, or delete their personal information at any time (except for their username).\nSite administrators can also access and edit that information.<\/span><\/p>\t\t\t\t\t\t\t\t<\/div>\n\t\t\t\t<\/div>\n\t\t\t\t<div class=\"elementor-element elementor-element-6dac4ca elementor-widget-divider--view-line elementor-widget elementor-widget-divider\" data-id=\"6dac4ca\" data-element_type=\"widget\" data-e-type=\"widget\" data-widget_type=\"divider.default\">\n\t\t\t\t<div class=\"elementor-widget-container\">\n\t\t\t\t\t\t\t<div class=\"elementor-divider\">\n\t\t\t<span class=\"elementor-divider-separator\">\n\t\t\t\t\t\t<\/span>\n\t\t<\/div>\n\t\t\t\t\t\t<\/div>\n\t\t\t\t<\/div>\n\t\t\t\t<div class=\"elementor-element elementor-element-9f8e8ca elementor-widget elementor-widget-text-editor\" data-id=\"9f8e8ca\" data-element_type=\"widget\" data-e-type=\"widget\" data-widget_type=\"text-editor.default\">\n\t\t\t\t<div class=\"elementor-widget-container\">\n\t\t\t\t\t\t\t\t\t<p><b>Your Rights Over Your Data<br \/><\/b><span style=\"font-family: inherit; font-size: inherit; font-style: inherit; font-variant-ligatures: inherit; font-variant-caps: inherit; font-weight: inherit;\">If you have an account on this site or have left comments, you can request an exported file of your personal data, including any data you\u2019ve provided to us.<\/span><\/p><p><span style=\"font-family: inherit; font-size: inherit; font-style: inherit; font-variant-ligatures: inherit; font-variant-caps: inherit; font-weight: inherit;\">You can also request that we erase your personal data.\nThis does not include any data we are required to retain for administrative, legal, or security purposes.<\/span><\/p>\t\t\t\t\t\t\t\t<\/div>\n\t\t\t\t<\/div>\n\t\t\t\t<div class=\"elementor-element elementor-element-de8391e elementor-widget-divider--view-line elementor-widget elementor-widget-divider\" data-id=\"de8391e\" data-element_type=\"widget\" data-e-type=\"widget\" data-widget_type=\"divider.default\">\n\t\t\t\t<div class=\"elementor-widget-container\">\n\t\t\t\t\t\t\t<div class=\"elementor-divider\">\n\t\t\t<span class=\"elementor-divider-separator\">\n\t\t\t\t\t\t<\/span>\n\t\t<\/div>\n\t\t\t\t\t\t<\/div>\n\t\t\t\t<\/div>\n\t\t\t\t<div class=\"elementor-element elementor-element-e611a79 elementor-widget elementor-widget-text-editor\" data-id=\"e611a79\" data-element_type=\"widget\" data-e-type=\"widget\" data-widget_type=\"text-editor.default\">\n\t\t\t\t<div class=\"elementor-widget-container\">\n\t\t\t\t\t\t\t\t\t<p><b>Where Your Data Is Sent<br \/><\/b><span style=\"font-family: inherit; font-size: inherit; font-style: inherit; font-variant-ligatures: inherit; font-variant-caps: inherit; font-weight: inherit;\">Visitor comments may be checked through an automated spam detection service.<\/span><\/p>\t\t\t\t\t\t\t\t<\/div>\n\t\t\t\t<\/div>\n\t\t\t\t<div class=\"elementor-element elementor-element-c03f333 elementor-widget-divider--view-line elementor-widget elementor-widget-divider\" data-id=\"c03f333\" data-element_type=\"widget\" data-e-type=\"widget\" data-widget_type=\"divider.default\">\n\t\t\t\t<div class=\"elementor-widget-container\">\n\t\t\t\t\t\t\t<div class=\"elementor-divider\">\n\t\t\t<span class=\"elementor-divider-separator\">\n\t\t\t\t\t\t<\/span>\n\t\t<\/div>\n\t\t\t\t\t\t<\/div>\n\t\t\t\t<\/div>\n\t\t\t\t<div class=\"elementor-element elementor-element-e334886 elementor-widget elementor-widget-text-editor\" data-id=\"e334886\" data-element_type=\"widget\" data-e-type=\"widget\" data-widget_type=\"text-editor.default\">\n\t\t\t\t<div class=\"elementor-widget-container\">\n\t\t\t\t\t\t\t\t\t<p><b style=\"color: #333333; font-family: Arial; font-size: 12px;\">Uputstvo za kupovinu<\/b><\/p>\n<p>Sve artikle koje smo prikazali na na\u0161oj internet prodavnici http:\/\/www. jelicabujic.com mo\u017eete poru\u010diti, na vrlo brz i jednostavan na\u010din. Sve \u0161to je potrebno da uradite je da prona\u0111ete artikal koji \u017eelite, odaberete veli\u010dinu<span style=\"font-family: inherit; font-size: inherit; font-style: inherit; font-variant-ligatures: inherit; font-variant-caps: inherit; font-weight: inherit;\">&nbsp;i zavr\u0161ite proces poru\u010divanja i kupovine a mi \u0107emo se potruditi da vam sva roba koju ste naru\u010dili stigne u roku predvi\u0111enom za dostavu.<\/span><\/p>\n<p>Nakon \u0161to pristupite na\u0161em sajtu, pre\u0111ite na pretragu artikala. Kako biste ubrzali i olak\u0161ali svoju pretragu mo\u017eete koristiti filtere. Pomo\u0107u filtracije mo\u017eete odrediti koji tip i veli\u010dinu artikla \u017eelite.<\/p>\n<p>Kada se odlu\u010dite za neki artikal kliknite na odgovaraju\u0107u veli\u010dinu artikla, a zatim ga stavite u korpu. Kada to uradite u gornjem dijelu ekrana \u0107e se pojaviti novi prozor koji vam nudi mogu\u0107nost da vidite artikli koje se nalaze u korpi, kao i mogu\u0107nost direktnog odlaska na korpu.<\/p>\n<p>Ukoliko ste zavr\u0161ili proces izbora proizvoda, kliknite na opciju &#8220;poru\u010di&#8221; kako biste otvorili novo polje u koje treba da unesete podatke o sebi i va\u0161oj adresi. Nakon unosa adrese kliknite na opciju &#8220;DALJE&#8221; kako biste pre\u0161li na sljede\u0107i korak.&nbsp;<\/p>\n<p>Naredna stvar koju treba da uradite jeste da provjerite narud\u017ebu, odnosno da utvrdite da li ste poru\u010dili sve stvari koje ste \u017eeljeli ili ste mo\u017eda izostavili neki artikal, pogrije\u0161ili u broju ili veli\u010dini. Na ekranu \u0107e vam se pojaviti podaci svih artikala koje ste prethodno &#8220;stavili u korpu&#8221;. Ukoliko su svi podaci ispravni, idete na potvrdu narud\u017ebe.<\/p>\n<p>Zatim birate na\u010din pla\u0107anja. Za sada su ponu\u0111eni na\u010dini pla\u0107anja: A) \u201cpouze\u0107em\u201d \u2013 pla\u0107anje po preuzimanju gotovinom, i B) pla\u0107anje karticom.<\/p>\n<p>Ukoliko izaberete pla\u0107anje karticom pojavi\u0107e vam se polja u koja morate da unesete slede\u0107e podatke: broj kartice, ime vlasnika kartice, datum isteka kartice i cvv broj kartice (odnosno verifikacioni broj kartice) &#8211; to je broj koji obi\u010dno stoji na pole\u0111ini kartice. Eventualno mo\u017ee vam se tra\u017eiti da unesete tip (brand) kartice.<\/p>\n<p>U sljede\u0107em koraku,&nbsp; pojavi\u0107e vam se potvrda kupovnie koju mo\u017eete od\u0161tampati ili jednostavno zabilje\u017eiti podatke o transakciji \u2013 informacije o statusu transakcije (da li je transakcija uspijela ili ne), ID broj porud\u017ebine &#8211; ID broj svake narud\u017ebe je jedinstven, iznos koji ste platili i valutu u kojoj je transakcija obavljena, zadnje 4 cifre kartice sa kojom ste izvr\u0161ili pla\u0107anje i tip ili brand kartice, autorizacioni kod banke \u2013 broj jedinstven za svaku uspe\u0161nu karti\u010dnu transakciju, i datum i vrijeme kada je transakcija izvr\u0161ena.<\/p>\n<p>Ovim korakom se zavr\u0161ava process online kupovine. Nakon toga, bi\u0107ete obavje\u0161teni o statusu Va\u0161e porud\u017ebine putem email-a. Porud\u017ebina je prihva\u0107ena od strane trgovca tek nakon \u0161to Vam emailom po\u0161aljemo potvrdu o prihvatanju iste. Roba koju ste poru\u010dili \u0107e vam sti\u0107i u roku koji je naveden na potvrdi.<\/p>\n<p>Ukoliko u toku procesa naru\u010divanja budete imali bilo kakav problem, uvek vam stoji na raspolaganju na\u0161u&nbsp;<a href=\"https:\/\/jelicabujic.com\/contact\/\">kontakt formu.<\/a><\/p>\t\t\t\t\t\t\t\t<\/div>\n\t\t\t\t<\/div>\n\t\t\t\t<div class=\"elementor-element elementor-element-1f105b2 elementor-widget-divider--view-line elementor-widget elementor-widget-divider\" data-id=\"1f105b2\" data-element_type=\"widget\" data-e-type=\"widget\" data-widget_type=\"divider.default\">\n\t\t\t\t<div class=\"elementor-widget-container\">\n\t\t\t\t\t\t\t<div class=\"elementor-divider\">\n\t\t\t<span class=\"elementor-divider-separator\">\n\t\t\t\t\t\t<\/span>\n\t\t<\/div>\n\t\t\t\t\t\t<\/div>\n\t\t\t\t<\/div>\n\t\t\t\t\t<\/div>\n\t\t\t\t<\/div>\n\t\t\t\t<\/div>","protected":false},"excerpt":{"rendered":"<p>Osnovni podaci firmeONE&amp;NINE d.o.o. &#8211; Danilovgrad; Su\u0161ica bb Odgovorno lice: Jelica Buji\u0107 PIB: 03140601 \u0160ifra djelatnosti: 7420 U nastavku mo\u017ee\u0161 prona\u0107i informacije o politici povrata.Ako ima\u0161 bilo kakvo pitanje, slobodno nas kontaktiraj. Fotografski otisciKupovine fotografskih otisaka su kona\u010dne.Na\u017ealost, ne prihvatamo zamjene ili povrat sredstava u slu\u010daju promjene mi\u0161ljenja.Ukoliko je tvoj otisak o\u0161te\u0107en u transportu, molimo [&hellip;]<\/p>\n","protected":false},"author":2,"featured_media":0,"parent":0,"menu_order":0,"comment_status":"closed","ping_status":"open","template":"","meta":{"_acf_changed":false,"nf_dc_page":"","_gspb_post_css":"","footnotes":""},"class_list":["post-1016","page","type-page","status-publish","hentry"],"blocksy_meta":[],"acf":[],"jetpack_sharing_enabled":true,"_links":{"self":[{"href":"https:\/\/jelicabujic.com\/en\/wp-json\/wp\/v2\/pages\/1016","targetHints":{"allow":["GET"]}}],"collection":[{"href":"https:\/\/jelicabujic.com\/en\/wp-json\/wp\/v2\/pages"}],"about":[{"href":"https:\/\/jelicabujic.com\/en\/wp-json\/wp\/v2\/types\/page"}],"author":[{"embeddable":true,"href":"https:\/\/jelicabujic.com\/en\/wp-json\/wp\/v2\/users\/2"}],"replies":[{"embeddable":true,"href":"https:\/\/jelicabujic.com\/en\/wp-json\/wp\/v2\/comments?post=1016"}],"version-history":[{"count":5,"href":"https:\/\/jelicabujic.com\/en\/wp-json\/wp\/v2\/pages\/1016\/revisions"}],"predecessor-version":[{"id":5760,"href":"https:\/\/jelicabujic.com\/en\/wp-json\/wp\/v2\/pages\/1016\/revisions\/5760"}],"wp:attachment":[{"href":"https:\/\/jelicabujic.com\/en\/wp-json\/wp\/v2\/media?parent=1016"}],"curies":[{"name":"wp","href":"https:\/\/api.w.org\/{rel}","templated":true}]}}